{"id":420,"date":"2016-05-08T19:42:05","date_gmt":"2016-05-08T17:42:05","guid":{"rendered":"http:\/\/trefall.com\/blog\/?page_id=420"},"modified":"2023-08-10T12:23:51","modified_gmt":"2023-08-10T10:23:51","slug":"fotoalbum","status":"publish","type":"page","link":"https:\/\/www.trefall.com\/blog\/nn\/fotoalbum\/","title":{"rendered":"Fotoalbum"},"content":{"rendered":"\r\n<!-- <img decoding=\"async\" src=\"\/wordpress\/wp-content\/uploads\/2016\/12\/image-3.jpeg\" -->\r\n\r\n\r\n\r\n<figure class=\"wp-block-image\"><img loading=\"lazy\" decoding=\"async\" width=\"1024\" height=\"66\" src=\"\/wordpress\/wp-content\/uploads\/2016\/05\/image-4-1024x66.png\" alt=\"\" class=\"wp-image-1267\" srcset=\"https:\/\/www.trefall.com\/wordpress\/wp-content\/uploads\/2016\/05\/image-4-1024x66.png 1024w, https:\/\/www.trefall.com\/wordpress\/wp-content\/uploads\/2016\/05\/image-4-300x19.png 300w, https:\/\/www.trefall.com\/wordpress\/wp-content\/uploads\/2016\/05\/image-4-768x49.png 768w, https:\/\/www.trefall.com\/wordpress\/wp-content\/uploads\/2016\/05\/image-4-1200x77.png 1200w\" sizes=\"(max-width: 709px) 85vw, (max-width: 909px) 67vw, (max-width: 1362px) 62vw, 840px\" \/><\/figure>\r\n\r\n\r\n\r\n<p>\r\n\r\nHer finn du etter kvart diverse fotoalbum. Mange av bileta er fr\u00e5 inlegg, her samla som album. Dei f\u00f8rste bileta lagt ut p\u00e5 denne sida ligg no under albummet &laquo;Lett blanding&raquo;.\r\n\r\n<\/p>\r\n\r\n\r\n\n<!-- Page-list plugin v.5.9 wordpress.org\/plugins\/page-list\/ -->\n<div class=\"page-list page-list-ext entry-content\">\n<div class=\"page-list-ext-item\"><h3 class=\"page-list-ext-title\"><a href=\"https:\/\/www.trefall.com\/blog\/nn\/fotoalbum\/lett-blanding\/\" title=\"Lett blanding\">Lett blanding<\/a><\/h3><div class=\"page-list-ext-item-content\">\r\n\r\n\r\n\r\n\r\nNokre blinkskot fr\u00e5 hausten 2016 (Golsfjellet og Kongsberg): Trykk p\u00e5 bileta for \u00e5 lage dei st\u00f8rre.  \r\n\r\n\r\n\r\n\r\n(Tilbake til...<\/div><\/div>\n\n<\/div>\n\r\n\r\n\r\n<p><\/p>\r\n\r\n\r\n\r\n<center><hr style=\"width: 50%\"><br><p style=\"font-size: 75%;\">Denne sida blei sist endra <span class=\"last-modified-timestamp\">aug 10, 2023 @ 12:23<\/span> &#8211; Copyright \u00a9 kaare@trefall.com 2023<\/p><\/center>\r\n","protected":false},"excerpt":{"rendered":"<p>Her finn du etter kvart diverse fotoalbum. Mange av bileta er fr\u00e5 inlegg, her samla som album. Dei f\u00f8rste bileta lagt ut p\u00e5 denne sida ligg no under albummet &laquo;Lett blanding&raquo;. Denne sida blei sist endra &#8211; Copyright \u00a9 kaare@trefall.com 2023<\/p>\n","protected":false},"author":1,"featured_media":0,"parent":0,"menu_order":0,"comment_status":"closed","ping_status":"closed","template":"","meta":{"_uag_custom_page_level_css":"","advgb_blocks_editor_width":"","advgb_blocks_columns_visual_guide":"","jetpack_post_was_ever_published":false,"footnotes":""},"featured_image_urls_v2":{"full":"","thumbnail":"","medium":"","medium_large":"","large":"","1536x1536":"","2048x2048":"","post-thumbnail":"","awb_sm":"","awb_md":"","awb_lg":"","awb_xl":""},"post_excerpt_stackable_v2":"<p>Her finn du etter kvart diverse fotoalbum. Mange av bileta er fr\u00e5 inlegg, her samla som album. Dei f\u00f8rste bileta lagt ut p\u00e5 denne sida ligg no under albummet &laquo;Lett blanding&raquo;. Lett blanding Nokre blinkskot fr\u00e5 hausten 2016 (Golsfjellet og Kongsberg): Trykk p\u00e5 bileta for \u00e5 lage dei st\u00f8rre. (Tilbake til&#8230; Denne sida blei sist endra aug 10, 2023 @ 12:23 &#8211; Copyright \u00a9 kaare@trefall.com 2023<\/p>\n","category_list_v2":"","author_info_v2":{"name":"kaare","url":"https:\/\/www.trefall.com\/blog\/author\/kaare\/"},"comments_num_v2":"0 comments","featured_image_src":null,"pbg_featured_image_src":{"full":false,"thumbnail":false,"medium":false,"medium_large":false,"large":false,"1536x1536":false,"2048x2048":false,"post-thumbnail":false,"awb_sm":false,"awb_md":false,"awb_lg":false,"awb_xl":false},"pbg_author_info":{"display_name":"kaare","author_link":"https:\/\/www.trefall.com\/blog\/author\/kaare\/","author_img":false},"pbg_comment_info":" No Comments","pbg_excerpt":"Her finn du etter kvart diverse fotoalbum. Mange av bileta er fr\u00e5 inlegg, her samla som album. Dei f\u00f8rste bileta lagt ut p\u00e5 denne sida ligg no under albummet &laquo;Lett blanding&raquo;. Denne sida blei sist endra &#8211; Copyright \u00a9 kaare@trefall.com 2023","uagb_featured_image_src":{"full":false,"thumbnail":false,"medium":false,"medium_large":false,"large":false,"1536x1536":false,"2048x2048":false,"post-thumbnail":false,"awb_sm":false,"awb_md":false,"awb_lg":false,"awb_xl":false},"uagb_author_info":{"display_name":"kaare","author_link":"https:\/\/www.trefall.com\/blog\/author\/kaare\/"},"uagb_comment_info":0,"uagb_excerpt":"Her finn du etter kvart diverse fotoalbum. Mange av bileta er fr\u00e5 inlegg, her samla som album. Dei f\u00f8rste bileta lagt ut p\u00e5 denne sida ligg no under albummet &laquo;Lett blanding&raquo;. Denne sida blei sist endra &#8211; Copyright \u00a9 kaare@trefall.com 2023","coauthors":[],"author_meta":{"author_link":"https:\/\/www.trefall.com\/blog\/author\/kaare\/","display_name":"kaare"},"relative_dates":{"created":"Posted 10 \u00e5r ago","modified":"Updated 3 \u00e5r ago"},"absolute_dates":{"created":"Posted on 8. mai 2016","modified":"Updated on 10. august 2023"},"absolute_dates_time":{"created":"Posted on 8. mai 2016 19:42","modified":"Updated on 10. august 2023 12:23"},"featured_img_caption":"","featured_img":false,"series_order":"","jetpack_sharing_enabled":true,"jetpack_shortlink":"https:\/\/wp.me\/P7ql8K-6M","_links":{"self":[{"href":"https:\/\/www.trefall.com\/blog\/wp-json\/wp\/v2\/pages\/420"}],"collection":[{"href":"https:\/\/www.trefall.com\/blog\/wp-json\/wp\/v2\/pages"}],"about":[{"href":"https:\/\/www.trefall.com\/blog\/wp-json\/wp\/v2\/types\/page"}],"author":[{"embeddable":true,"href":"https:\/\/www.trefall.com\/blog\/wp-json\/wp\/v2\/users\/1"}],"replies":[{"embeddable":true,"href":"https:\/\/www.trefall.com\/blog\/wp-json\/wp\/v2\/comments?post=420"}],"version-history":[{"count":1,"href":"https:\/\/www.trefall.com\/blog\/wp-json\/wp\/v2\/pages\/420\/revisions"}],"predecessor-version":[{"id":3943,"href":"https:\/\/www.trefall.com\/blog\/wp-json\/wp\/v2\/pages\/420\/revisions\/3943"}],"wp:attachment":[{"href":"https:\/\/www.trefall.com\/blog\/wp-json\/wp\/v2\/media?parent=420"}],"curies":[{"name":"wp","href":"https:\/\/api.w.org\/{rel}","templated":true}]}}