{"id":4020,"date":"2024-02-04T23:27:18","date_gmt":"2024-02-04T22:27:18","guid":{"rendered":"https:\/\/www.trefall.com\/blog\/?page_id=4020"},"modified":"2024-03-27T16:02:25","modified_gmt":"2024-03-27T15:02:25","slug":"snovinteren-1962","status":"publish","type":"page","link":"https:\/\/www.trefall.com\/blog\/nn\/historie\/snovinteren-1962\/","title":{"rendered":"Sn\u00f8vinteren 1962"},"content":{"rendered":"<p><em>Faksimile fr\u00e5 Bergens Tidende:<br \/>\n1) Seks \u00e5r gamle K\u00e5re Trefall kan st\u00e5 p\u00e5 tunet og gladelig n\u00e5 opp til inntaket for de elektriske installasjonene. Farlig er det ikke, for g\u00e5rden mangler str\u00f8m.<br \/>\n2) Ti trinn i sn\u00f8en har vi ned til d\u00f8ren i floren, sier H\u00e5kon Trefall.<br \/>\n<\/em><\/p>\n<p>Denne artikkelserien har eg tenkt p\u00e5 i mange \u00e5r. Eg har skrive den fortl\u00f8pande, og har sett meg sj\u00f8lv frist i slutten av kvar del for n\u00e5r neste skulle komme. Postinga har skjedd samtidig her og p\u00e5 Facebook (nederst i kvar artikkel finn du lenk til Facebook versjonen). Datoane delane er posta p\u00e5 har eg pr\u00f8vd \u00e5 knytte opp mot datoar ting skjedde for 62 \u00e5r sidan \u2013 i 1962.<\/p>\n<p>Tilsaman blei det 6 deler. Kanskje eg i framtida redigerer dei saman til ein artikkel. Ang\u00e5ende kjelder, etc. sj\u00e5 p\u00e5 slutten av del 5.<\/p>\n<h3>Lenker til dei forskjellige delane:<\/h3><ul class=\"lcp_catlist\" id=\"lcp_instance_0\"><li><a href=\"https:\/\/www.trefall.com\/blog\/nn\/snovinteren-1962-del-1\/\">Sn\u00f8vinteren 1962 &#8211; del 1<\/a><\/li><li><a href=\"https:\/\/www.trefall.com\/blog\/nn\/snovinteren-1962-del-2\/\">Sn\u00f8vinteren 1962 &#8211; del 2<\/a><\/li><li><a href=\"https:\/\/www.trefall.com\/blog\/nn\/snovinteren-1962-del-3\/\">Sn\u00f8vinteren 1962 \u2013 del 3<\/a><\/li><li><a href=\"https:\/\/www.trefall.com\/blog\/nn\/snovinteren-1964-del-4\/\">Sn\u00f8vinteren 1962 &#8211; del 4<\/a><\/li><li><a href=\"https:\/\/www.trefall.com\/blog\/nn\/snovinteren-1964-del-4-2\/\">Sn\u00f8vinteren 1962 \u2013 del 4-2<\/a><\/li><li><a href=\"https:\/\/www.trefall.com\/blog\/nn\/snovinteren-1964-del-5\/\">Sn\u00f8vinteren 1962 \u2013 del 5<\/a><\/li><\/ul>\n","protected":false},"excerpt":{"rendered":"<p>Faksimile fr\u00e5 Bergens Tidende: 1) Seks \u00e5r gamle K\u00e5re Trefall kan st\u00e5 p\u00e5 tunet og gladelig n\u00e5 opp til inntaket for de elektriske installasjonene. Farlig er det ikke, for g\u00e5rden mangler str\u00f8m. 2) Ti trinn i sn\u00f8en har vi ned til d\u00f8ren i floren, sier H\u00e5kon Trefall. Denne artikkelserien har eg tenkt p\u00e5 i mange &hellip; <a href=\"https:\/\/www.trefall.com\/blog\/nn\/historie\/snovinteren-1962\/\" class=\"more-link\">Hald fram med \u00e5 lese<span class=\"screen-reader-text\"> \u00abSn\u00f8vinteren 1962\u00bb<\/span><\/a><\/p>\n","protected":false},"author":1,"featured_media":4047,"parent":1129,"menu_order":0,"comment_status":"closed","ping_status":"closed","template":"","meta":{"_uag_custom_page_level_css":"","advgb_blocks_editor_width":"","advgb_blocks_columns_visual_guide":"","jetpack_post_was_ever_published":false,"footnotes":""},"featured_image_urls_v2":{"full":["https:\/\/www.trefall.com\/wordpress\/wp-content\/uploads\/2024\/02\/1962-KH.jpg",1936,1452,false],"thumbnail":["https:\/\/www.trefall.com\/wordpress\/wp-content\/uploads\/2024\/02\/1962-KH-150x150.jpg",150,150,true],"medium":["https:\/\/www.trefall.com\/wordpress\/wp-content\/uploads\/2024\/02\/1962-KH-300x225.jpg",300,225,true],"medium_large":["https:\/\/www.trefall.com\/wordpress\/wp-content\/uploads\/2024\/02\/1962-KH-768x576.jpg",768,576,true],"large":["https:\/\/www.trefall.com\/wordpress\/wp-content\/uploads\/2024\/02\/1962-KH-1024x768.jpg",840,630,true],"1536x1536":["https:\/\/www.trefall.com\/wordpress\/wp-content\/uploads\/2024\/02\/1962-KH-1536x1152.jpg",1536,1152,true],"2048x2048":["https:\/\/www.trefall.com\/wordpress\/wp-content\/uploads\/2024\/02\/1962-KH.jpg",1936,1452,false],"post-thumbnail":["https:\/\/www.trefall.com\/wordpress\/wp-content\/uploads\/2024\/02\/1962-KH-1200x900.jpg",1200,900,true],"awb_sm":["https:\/\/www.trefall.com\/wordpress\/wp-content\/uploads\/2024\/02\/1962-KH-500x375.jpg",500,375,true],"awb_md":["https:\/\/www.trefall.com\/wordpress\/wp-content\/uploads\/2024\/02\/1962-KH-800x600.jpg",800,600,true],"awb_lg":["https:\/\/www.trefall.com\/wordpress\/wp-content\/uploads\/2024\/02\/1962-KH-1280x960.jpg",1280,960,true],"awb_xl":["https:\/\/www.trefall.com\/wordpress\/wp-content\/uploads\/2024\/02\/1962-KH-1920x1440.jpg",1920,1440,true]},"post_excerpt_stackable_v2":"<p>Faksimile fr\u00e5 Bergens Tidende: 1) Seks \u00e5r gamle K\u00e5re Trefall kan st\u00e5 p\u00e5 tunet og gladelig n\u00e5 opp til inntaket for de elektriske installasjonene. Farlig er det ikke, for g\u00e5rden mangler str\u00f8m. 2) Ti trinn i sn\u00f8en har vi ned til d\u00f8ren i floren, sier H\u00e5kon Trefall. Denne artikkelserien har eg tenkt p\u00e5 i mange \u00e5r. Eg har skrive den fortl\u00f8pande, og har sett meg sj\u00f8lv frist i slutten av kvar del for n\u00e5r neste skulle komme. Postinga har skjedd samtidig her og p\u00e5 Facebook (nederst i kvar artikkel finn du lenk til Facebook versjonen). Datoane delane er posta p\u00e5&hellip;<\/p>\n","category_list_v2":"","author_info_v2":{"name":"kaare","url":"https:\/\/www.trefall.com\/blog\/author\/kaare\/"},"comments_num_v2":"0 comments","featured_image_src":"https:\/\/www.trefall.com\/wordpress\/wp-content\/uploads\/2024\/02\/1962-KH.jpg","pbg_featured_image_src":{"full":["https:\/\/www.trefall.com\/wordpress\/wp-content\/uploads\/2024\/02\/1962-KH.jpg",1936,1452,false],"thumbnail":["https:\/\/www.trefall.com\/wordpress\/wp-content\/uploads\/2024\/02\/1962-KH-150x150.jpg",150,150,true],"medium":["https:\/\/www.trefall.com\/wordpress\/wp-content\/uploads\/2024\/02\/1962-KH-300x225.jpg",300,225,true],"medium_large":["https:\/\/www.trefall.com\/wordpress\/wp-content\/uploads\/2024\/02\/1962-KH-768x576.jpg",768,576,true],"large":["https:\/\/www.trefall.com\/wordpress\/wp-content\/uploads\/2024\/02\/1962-KH-1024x768.jpg",840,630,true],"1536x1536":["https:\/\/www.trefall.com\/wordpress\/wp-content\/uploads\/2024\/02\/1962-KH-1536x1152.jpg",1536,1152,true],"2048x2048":["https:\/\/www.trefall.com\/wordpress\/wp-content\/uploads\/2024\/02\/1962-KH.jpg",1936,1452,false],"post-thumbnail":["https:\/\/www.trefall.com\/wordpress\/wp-content\/uploads\/2024\/02\/1962-KH-1200x900.jpg",1200,900,true],"awb_sm":["https:\/\/www.trefall.com\/wordpress\/wp-content\/uploads\/2024\/02\/1962-KH-500x375.jpg",500,375,true],"awb_md":["https:\/\/www.trefall.com\/wordpress\/wp-content\/uploads\/2024\/02\/1962-KH-800x600.jpg",800,600,true],"awb_lg":["https:\/\/www.trefall.com\/wordpress\/wp-content\/uploads\/2024\/02\/1962-KH-1280x960.jpg",1280,960,true],"awb_xl":["https:\/\/www.trefall.com\/wordpress\/wp-content\/uploads\/2024\/02\/1962-KH-1920x1440.jpg",1920,1440,true]},"pbg_author_info":{"display_name":"kaare","author_link":"https:\/\/www.trefall.com\/blog\/author\/kaare\/","author_img":false},"pbg_comment_info":" No Comments","pbg_excerpt":"Faksimile fr\u00e5 Bergens Tidende: 1) Seks \u00e5r gamle K\u00e5re Trefall kan st\u00e5 p\u00e5 tunet og gladelig n\u00e5 opp til inntaket for de elektriske installasjonene. Farlig er det ikke, for g\u00e5rden mangler str\u00f8m. 2) Ti trinn i sn\u00f8en har vi ned til d\u00f8ren i floren, sier H\u00e5kon Trefall. Denne artikkelserien har eg tenkt p\u00e5 i mange&hellip;","uagb_featured_image_src":{"full":["https:\/\/www.trefall.com\/wordpress\/wp-content\/uploads\/2024\/02\/1962-KH.jpg",1936,1452,false],"thumbnail":["https:\/\/www.trefall.com\/wordpress\/wp-content\/uploads\/2024\/02\/1962-KH-150x150.jpg",150,150,true],"medium":["https:\/\/www.trefall.com\/wordpress\/wp-content\/uploads\/2024\/02\/1962-KH-300x225.jpg",300,225,true],"medium_large":["https:\/\/www.trefall.com\/wordpress\/wp-content\/uploads\/2024\/02\/1962-KH-768x576.jpg",768,576,true],"large":["https:\/\/www.trefall.com\/wordpress\/wp-content\/uploads\/2024\/02\/1962-KH-1024x768.jpg",840,630,true],"1536x1536":["https:\/\/www.trefall.com\/wordpress\/wp-content\/uploads\/2024\/02\/1962-KH-1536x1152.jpg",1536,1152,true],"2048x2048":["https:\/\/www.trefall.com\/wordpress\/wp-content\/uploads\/2024\/02\/1962-KH.jpg",1936,1452,false],"post-thumbnail":["https:\/\/www.trefall.com\/wordpress\/wp-content\/uploads\/2024\/02\/1962-KH-1200x900.jpg",1200,900,true],"awb_sm":["https:\/\/www.trefall.com\/wordpress\/wp-content\/uploads\/2024\/02\/1962-KH-500x375.jpg",500,375,true],"awb_md":["https:\/\/www.trefall.com\/wordpress\/wp-content\/uploads\/2024\/02\/1962-KH-800x600.jpg",800,600,true],"awb_lg":["https:\/\/www.trefall.com\/wordpress\/wp-content\/uploads\/2024\/02\/1962-KH-1280x960.jpg",1280,960,true],"awb_xl":["https:\/\/www.trefall.com\/wordpress\/wp-content\/uploads\/2024\/02\/1962-KH-1920x1440.jpg",1920,1440,true]},"uagb_author_info":{"display_name":"kaare","author_link":"https:\/\/www.trefall.com\/blog\/author\/kaare\/"},"uagb_comment_info":0,"uagb_excerpt":"Faksimile fr\u00e5 Bergens Tidende: 1) Seks \u00e5r gamle K\u00e5re Trefall kan st\u00e5 p\u00e5 tunet og gladelig n\u00e5 opp til inntaket for de elektriske installasjonene. Farlig er det ikke, for g\u00e5rden mangler str\u00f8m. 2) Ti trinn i sn\u00f8en har vi ned til d\u00f8ren i floren, sier H\u00e5kon Trefall. Denne artikkelserien har eg tenkt p\u00e5 i mange&hellip;","coauthors":[],"author_meta":{"author_link":"https:\/\/www.trefall.com\/blog\/author\/kaare\/","display_name":"kaare"},"relative_dates":{"created":"Posted 2 \u00e5r ago","modified":"Updated 2 \u00e5r ago"},"absolute_dates":{"created":"Posted on 4. februar 2024","modified":"Updated on 27. mars 2024"},"absolute_dates_time":{"created":"Posted on 4. februar 2024 23:27","modified":"Updated on 27. mars 2024 16:02"},"featured_img_caption":"","featured_img":"https:\/\/www.trefall.com\/wordpress\/wp-content\/uploads\/2024\/02\/1962-KH-1200x900.jpg","series_order":"","jetpack_sharing_enabled":true,"jetpack_shortlink":"https:\/\/wp.me\/P7ql8K-12Q","_links":{"self":[{"href":"https:\/\/www.trefall.com\/blog\/wp-json\/wp\/v2\/pages\/4020"}],"collection":[{"href":"https:\/\/www.trefall.com\/blog\/wp-json\/wp\/v2\/pages"}],"about":[{"href":"https:\/\/www.trefall.com\/blog\/wp-json\/wp\/v2\/types\/page"}],"author":[{"embeddable":true,"href":"https:\/\/www.trefall.com\/blog\/wp-json\/wp\/v2\/users\/1"}],"replies":[{"embeddable":true,"href":"https:\/\/www.trefall.com\/blog\/wp-json\/wp\/v2\/comments?post=4020"}],"version-history":[{"count":21,"href":"https:\/\/www.trefall.com\/blog\/wp-json\/wp\/v2\/pages\/4020\/revisions"}],"predecessor-version":[{"id":4363,"href":"https:\/\/www.trefall.com\/blog\/wp-json\/wp\/v2\/pages\/4020\/revisions\/4363"}],"up":[{"embeddable":true,"href":"https:\/\/www.trefall.com\/blog\/wp-json\/wp\/v2\/pages\/1129"}],"wp:featuredmedia":[{"embeddable":true,"href":"https:\/\/www.trefall.com\/blog\/wp-json\/wp\/v2\/media\/4047"}],"wp:attachment":[{"href":"https:\/\/www.trefall.com\/blog\/wp-json\/wp\/v2\/media?parent=4020"}],"curies":[{"name":"wp","href":"https:\/\/api.w.org\/{rel}","templated":true}]}}