{"id":281,"date":"2016-05-01T11:13:06","date_gmt":"2016-05-01T09:13:06","guid":{"rendered":"http:\/\/trefall.com\/blog\/person-index\/"},"modified":"2016-05-01T11:13:06","modified_gmt":"2016-05-01T09:13:06","slug":"person-index","status":"publish","type":"page","link":"https:\/\/www.trefall.com\/blog\/nn\/person-index\/","title":{"rendered":"Person Index"},"content":{"rendered":"<div id = 'personaIndex'><div class='pagination'><span class='disabled'>&lt;&lt; first<\/span><span class='disabled'>&lt; prev<\/span><span class='current'>1<\/span><a href='https:\/\/www.trefall.com\/blog?page_id=0&rootsvar=2'>2<\/a><a href='https:\/\/www.trefall.com\/blog?page_id=0&rootsvar=3'>3<\/a><a href='https:\/\/www.trefall.com\/blog?page_id=0&rootsvar=4'>4<\/a><a href='https:\/\/www.trefall.com\/blog?page_id=0&rootsvar=5'>5<\/a><a href='https:\/\/www.trefall.com\/blog?page_id=0&rootsvar=6'>6<\/a><a href='https:\/\/www.trefall.com\/blog?page_id=0&rootsvar=7'>7<\/a><a href='https:\/\/www.trefall.com\/blog?page_id=0&rootsvar=8'>8<\/a><a href='https:\/\/www.trefall.com\/blog?page_id=0&rootsvar=9'>9<\/a><a href='https:\/\/www.trefall.com\/blog?page_id=0&rootsvar=2'>next &gt;<\/a><a href='https:\/\/www.trefall.com\/blog?page_id=0&rootsvar=9'>last &gt;&gt;<\/a><\/div><div class='xofy'>Displaying 1 - 25<\/div><table id='personaIndexTable' cellpadding='0' cellspacing='0'><tr><th  style='background-color:#CCCCCC' class='surname'>Surname<\/th><th style='background-color:#CCCCCC' class='given'>Name<\/th><th style='background-color:#CCCCCC' class='rp_dates'>Dates<\/th><th style='background-color:#CCCCCC' class='page'>Link<\/th><\/tr><tr class='even'><td style='background-color:white' class='surname'><\/td><td style='background-color:white' class='given'>ukjent<\/td><td style='background-color:white' class='rp_dates'> - <\/td><td style='background-color:white' class='page'><a href='https:\/\/www.trefall.com\/blog?page_id=482'>482<\/a><\/td><\/tr><tr class='odd'><td style='background-color:#DDDDDD' class='surname'>Aldal<\/td><td style='background-color:#DDDDDD' class='given'>Helge Gulleikson<\/td><td style='background-color:#DDDDDD' class='rp_dates'>1689 - 1750<\/td><td style='background-color:#DDDDDD' class='page'><a href='https:\/\/www.trefall.com\/blog?page_id=483'>483<\/a><\/td><\/tr><tr class='even'><td style='background-color:white' class='surname'>Annis<\/td><td style='background-color:white' class='given'>Floyd<\/td><td style='background-color:white' class='rp_dates'> - <\/td><td style='background-color:white' class='page'><a href='https:\/\/www.trefall.com\/blog?page_id=620'>620<\/a><\/td><\/tr><tr class='odd'><td style='background-color:#DDDDDD' class='surname'>Apple<\/td><td style='background-color:#DDDDDD' class='given'>[Living]<\/td><td style='background-color:#DDDDDD' class='rp_dates'> - <\/td><td style='background-color:#DDDDDD' class='page'><a href='https:\/\/www.trefall.com\/blog?page_id=621'>621<\/a><\/td><\/tr><tr class='even'><td style='background-color:white' class='surname'>\u00c5rhus<\/td><td style='background-color:white' class='given'>Torbj\u00f8rg Helgesdotter<\/td><td style='background-color:white' class='rp_dates'>1715 - <\/td><td style='background-color:white' class='page'><a href='https:\/\/www.trefall.com\/blog?page_id=484'>484<\/a><\/td><\/tr><tr class='odd'><td style='background-color:#DDDDDD' class='surname'>\u00c5rhus<\/td><td style='background-color:#DDDDDD' class='given'>Torbj\u00f8rg Knutsdotter<\/td><td style='background-color:#DDDDDD' class='rp_dates'>1633 - 1713<\/td><td style='background-color:#DDDDDD' class='page'><a href='https:\/\/www.trefall.com\/blog?page_id=485'>485<\/a><\/td><\/tr><tr class='even'><td style='background-color:white' class='surname'>Askew<\/td><td style='background-color:white' class='given'>Sandra<\/td><td style='background-color:white' class='rp_dates'> - <\/td><td style='background-color:white' class='page'><a href='https:\/\/www.trefall.com\/blog?page_id=622'>622<\/a><\/td><\/tr><tr class='odd'><td style='background-color:#DDDDDD' class='surname'>Beecroft<\/td><td style='background-color:#DDDDDD' class='given'>[Living]<\/td><td style='background-color:#DDDDDD' class='rp_dates'> - <\/td><td style='background-color:#DDDDDD' class='page'><a href='https:\/\/www.trefall.com\/blog?page_id=623'>623<\/a><\/td><\/tr><tr class='even'><td style='background-color:white' class='surname'>Berge<\/td><td style='background-color:white' class='given'>Helen<\/td><td style='background-color:white' class='rp_dates'> - <\/td><td style='background-color:white' class='page'><a href='https:\/\/www.trefall.com\/blog?page_id=624'>624<\/a><\/td><\/tr><tr class='odd'><td style='background-color:#DDDDDD' class='surname'>Bergo<\/td><td style='background-color:#DDDDDD' class='given'>Gjertrud Knutsdotter<\/td><td style='background-color:#DDDDDD' class='rp_dates'>1738 - 1790<\/td><td style='background-color:#DDDDDD' class='page'><a href='https:\/\/www.trefall.com\/blog?page_id=324'>324<\/a><\/td><\/tr><tr class='even'><td style='background-color:white' class='surname'>Bergo<\/td><td style='background-color:white' class='given'>Johannes Knutson<\/td><td style='background-color:white' class='rp_dates'>1680 - 1723<\/td><td style='background-color:white' class='page'><a href='https:\/\/www.trefall.com\/blog?page_id=486'>486<\/a><\/td><\/tr><tr class='odd'><td style='background-color:#DDDDDD' class='surname'>Bergo<\/td><td style='background-color:#DDDDDD' class='given'>Knut Johannesson<\/td><td style='background-color:#DDDDDD' class='rp_dates'>1716 - 1770<\/td><td style='background-color:#DDDDDD' class='page'><a href='https:\/\/www.trefall.com\/blog?page_id=487'>487<\/a><\/td><\/tr><tr class='even'><td style='background-color:white' class='surname'>Billman<\/td><td style='background-color:white' class='given'>[Living]<\/td><td style='background-color:white' class='rp_dates'> - <\/td><td style='background-color:white' class='page'><a href='https:\/\/www.trefall.com\/blog?page_id=625'>625<\/a><\/td><\/tr><tr class='odd'><td style='background-color:#DDDDDD' class='surname'>Bj\u00f8rg\u00e5s<\/td><td style='background-color:#DDDDDD' class='given'>Kari<\/td><td style='background-color:#DDDDDD' class='rp_dates'> - <\/td><td style='background-color:#DDDDDD' class='page'><a href='https:\/\/www.trefall.com\/blog?page_id=488'>488<\/a><\/td><\/tr><tr class='even'><td style='background-color:white' class='surname'>Bj\u00f8rg\u00e5s<\/td><td style='background-color:white' class='given'>Kari Tormodsdotter<\/td><td style='background-color:white' class='rp_dates'>1678 - 1769<\/td><td style='background-color:white' class='page'><a href='https:\/\/www.trefall.com\/blog?page_id=489'>489<\/a><\/td><\/tr><tr class='odd'><td style='background-color:#DDDDDD' class='surname'>Bj\u00f8rg\u00e5s<\/td><td style='background-color:#DDDDDD' class='given'>Marita Larsdotter<\/td><td style='background-color:#DDDDDD' class='rp_dates'> - <\/td><td style='background-color:#DDDDDD' class='page'><a href='https:\/\/www.trefall.com\/blog?page_id=490'>490<\/a><\/td><\/tr><tr class='even'><td style='background-color:white' class='surname'>Bj\u00f8rg\u00e5s<\/td><td style='background-color:white' class='given'>Mogens Olson<\/td><td style='background-color:white' class='rp_dates'> - <\/td><td style='background-color:white' class='page'><a href='https:\/\/www.trefall.com\/blog?page_id=491'>491<\/a><\/td><\/tr><tr class='odd'><td style='background-color:#DDDDDD' class='surname'>Bj\u00f8rg\u00e5s<\/td><td style='background-color:#DDDDDD' class='given'>Tormod Monsson<\/td><td style='background-color:#DDDDDD' class='rp_dates'> - 1692<\/td><td style='background-color:#DDDDDD' class='page'><a href='https:\/\/www.trefall.com\/blog?page_id=492'>492<\/a><\/td><\/tr><tr class='even'><td style='background-color:white' class='surname'>Bj\u00f8rndalen<\/td><td style='background-color:white' class='given'>Ole Pederson<\/td><td style='background-color:white' class='rp_dates'>1652 - <\/td><td style='background-color:white' class='page'><a href='https:\/\/www.trefall.com\/blog?page_id=493'>493<\/a><\/td><\/tr><tr class='odd'><td style='background-color:#DDDDDD' class='surname'>Bj\u00f8rndalen<\/td><td style='background-color:#DDDDDD' class='given'>Peder<\/td><td style='background-color:#DDDDDD' class='rp_dates'>1630 - 1680<\/td><td style='background-color:#DDDDDD' class='page'><a href='https:\/\/www.trefall.com\/blog?page_id=494'>494<\/a><\/td><\/tr><tr class='even'><td style='background-color:white' class='surname'>Bj\u00f8rndalen<\/td><td style='background-color:white' class='given'>Ragnhild Olsdotter<\/td><td style='background-color:white' class='rp_dates'>1687 - <\/td><td style='background-color:white' class='page'><a href='https:\/\/www.trefall.com\/blog?page_id=495'>495<\/a><\/td><\/tr><tr class='odd'><td style='background-color:#DDDDDD' class='surname'>Brekkhus<\/td><td style='background-color:#DDDDDD' class='given'>Anders<\/td><td style='background-color:#DDDDDD' class='rp_dates'> - <\/td><td style='background-color:#DDDDDD' class='page'><a href='https:\/\/www.trefall.com\/blog?page_id=496'>496<\/a><\/td><\/tr><tr class='even'><td style='background-color:white' class='surname'>Brekkhus<\/td><td style='background-color:white' class='given'>Gulleik Andersson<\/td><td style='background-color:white' class='rp_dates'>1618 - 1711<\/td><td style='background-color:white' class='page'><a href='https:\/\/www.trefall.com\/blog?page_id=497'>497<\/a><\/td><\/tr><tr class='odd'><td style='background-color:#DDDDDD' class='surname'>Brekkhus<\/td><td style='background-color:#DDDDDD' class='given'>Gunnbj\u00f8rg Gulleiksdotter<\/td><td style='background-color:#DDDDDD' class='rp_dates'>1654 - <\/td><td style='background-color:#DDDDDD' class='page'><a href='https:\/\/www.trefall.com\/blog?page_id=498'>498<\/a><\/td><\/tr><tr class='even'><td style='background-color:white' class='surname'>Brekkhus<\/td><td style='background-color:white' class='given'>Ragnhild<\/td><td style='background-color:white' class='rp_dates'> - <\/td><td style='background-color:white' class='page'><a href='https:\/\/www.trefall.com\/blog?page_id=499'>499<\/a><\/td><\/tr><\/table><div class='xofy'>Displaying 1 - 25<\/div><div class='pagination'><span class='disabled'>&lt;&lt; first<\/span><span class='disabled'>&lt; prev<\/span><span class='current'>1<\/span><a href='https:\/\/www.trefall.com\/blog?page_id=0&rootsvar=2'>2<\/a><a href='https:\/\/www.trefall.com\/blog?page_id=0&rootsvar=3'>3<\/a><a href='https:\/\/www.trefall.com\/blog?page_id=0&rootsvar=4'>4<\/a><a href='https:\/\/www.trefall.com\/blog?page_id=0&rootsvar=5'>5<\/a><a href='https:\/\/www.trefall.com\/blog?page_id=0&rootsvar=6'>6<\/a><a href='https:\/\/www.trefall.com\/blog?page_id=0&rootsvar=7'>7<\/a><a href='https:\/\/www.trefall.com\/blog?page_id=0&rootsvar=8'>8<\/a><a href='https:\/\/www.trefall.com\/blog?page_id=0&rootsvar=9'>9<\/a><a href='https:\/\/www.trefall.com\/blog?page_id=0&rootsvar=2'>next &gt;<\/a><a href='https:\/\/www.trefall.com\/blog?page_id=0&rootsvar=9'>last &gt;&gt;<\/a><\/div><\/div>\n","protected":false},"excerpt":{"rendered":"","protected":false},"author":0,"featured_media":0,"parent":0,"menu_order":0,"comment_status":"closed","ping_status":"closed","template":"","meta":{"_uag_custom_page_level_css":"","advgb_blocks_editor_width":"","advgb_blocks_columns_visual_guide":"","jetpack_post_was_ever_published":false,"footnotes":""},"featured_image_urls_v2":{"full":"","thumbnail":"","medium":"","medium_large":"","large":"","1536x1536":"","2048x2048":"","post-thumbnail":"","awb_sm":"","awb_md":"","awb_lg":"","awb_xl":""},"post_excerpt_stackable_v2":"<p>&lt;&lt; first&lt; prev123456789next &gt;last &gt;&gt;Displaying 1 &#8211; 25SurnameNameDatesLinkukjent &#8211; 482AldalHelge Gulleikson1689 &#8211; 1750483AnnisFloyd &#8211; 620Apple[Living] &#8211; 621\u00c5rhusTorbj\u00f8rg Helgesdotter1715 &#8211; 484\u00c5rhusTorbj\u00f8rg Knutsdotter1633 &#8211; 1713485AskewSandra &#8211; 622Beecroft[Living] &#8211; 623BergeHelen &#8211; 624BergoGjertrud Knutsdotter1738 &#8211; 1790324BergoJohannes Knutson1680 &#8211; 1723486BergoKnut Johannesson1716 &#8211; 1770487Billman[Living] &#8211; 625Bj\u00f8rg\u00e5sKari &#8211; 488Bj\u00f8rg\u00e5sKari Tormodsdotter1678 &#8211; 1769489Bj\u00f8rg\u00e5sMarita Larsdotter &#8211; 490Bj\u00f8rg\u00e5sMogens Olson &#8211; 491Bj\u00f8rg\u00e5sTormod Monsson &#8211; 1692492Bj\u00f8rndalenOle Pederson1652 &#8211; 493Bj\u00f8rndalenPeder1630 &#8211; 1680494Bj\u00f8rndalenRagnhild Olsdotter1687 &#8211; 495BrekkhusAnders &#8211; 496BrekkhusGulleik Andersson1618 &#8211; 1711497BrekkhusGunnbj\u00f8rg Gulleiksdotter1654 &#8211; 498BrekkhusRagnhild &#8211; 499Displaying 1 &#8211; 25&lt;&lt; first&lt; prev123456789next &gt;last &gt;&gt;<\/p>\n","category_list_v2":"","author_info_v2":{"name":"","url":"https:\/\/www.trefall.com\/blog\/author\/"},"comments_num_v2":"0 comments","featured_image_src":null,"pbg_featured_image_src":{"full":false,"thumbnail":false,"medium":false,"medium_large":false,"large":false,"1536x1536":false,"2048x2048":false,"post-thumbnail":false,"awb_sm":false,"awb_md":false,"awb_lg":false,"awb_xl":false},"pbg_author_info":{"display_name":"","author_link":"https:\/\/www.trefall.com\/blog\/author\/","author_img":false},"pbg_comment_info":" No Comments","pbg_excerpt":null,"uagb_featured_image_src":{"full":false,"thumbnail":false,"medium":false,"medium_large":false,"large":false,"1536x1536":false,"2048x2048":false,"post-thumbnail":false,"awb_sm":false,"awb_md":false,"awb_lg":false,"awb_xl":false},"uagb_author_info":{"display_name":"","author_link":"https:\/\/www.trefall.com\/blog\/author\/"},"uagb_comment_info":0,"uagb_excerpt":null,"coauthors":[],"author_meta":{"author_link":"https:\/\/www.trefall.com\/blog\/author\/","display_name":""},"relative_dates":{"created":"Posted 10 \u00e5r ago","modified":"Updated 10 \u00e5r ago"},"absolute_dates":{"created":"Posted on 1. mai 2016","modified":"Updated on 1. mai 2016"},"absolute_dates_time":{"created":"Posted on 1. mai 2016 11:13","modified":"Updated on 1. mai 2016 11:13"},"featured_img_caption":"","featured_img":false,"series_order":"","jetpack_sharing_enabled":true,"jetpack_shortlink":"https:\/\/wp.me\/P7ql8K-4x","_links":{"self":[{"href":"https:\/\/www.trefall.com\/blog\/wp-json\/wp\/v2\/pages\/281"}],"collection":[{"href":"https:\/\/www.trefall.com\/blog\/wp-json\/wp\/v2\/pages"}],"about":[{"href":"https:\/\/www.trefall.com\/blog\/wp-json\/wp\/v2\/types\/page"}],"replies":[{"embeddable":true,"href":"https:\/\/www.trefall.com\/blog\/wp-json\/wp\/v2\/comments?post=281"}],"version-history":[{"count":0,"href":"https:\/\/www.trefall.com\/blog\/wp-json\/wp\/v2\/pages\/281\/revisions"}],"wp:attachment":[{"href":"https:\/\/www.trefall.com\/blog\/wp-json\/wp\/v2\/media?parent=281"}],"curies":[{"name":"wp","href":"https:\/\/api.w.org\/{rel}","templated":true}]}}