{"id":2281,"date":"2019-02-16T12:33:21","date_gmt":"2019-02-16T11:33:21","guid":{"rendered":"http:\/\/trefall.com\/blog\/?page_id=2281"},"modified":"2023-08-10T12:21:28","modified_gmt":"2023-08-10T10:21:28","slug":"lett-blanding","status":"publish","type":"page","link":"https:\/\/www.trefall.com\/blog\/nn\/fotoalbum\/lett-blanding\/","title":{"rendered":"Lett blanding"},"content":{"rendered":"\r\n<!-- <img decoding=\"async\" src=\"\/wordpress\/wp-content\/uploads\/2016\/12\/image-3.jpeg\" -->\r\n\r\n\r\n\r\n<p>Nokre blinkskot fr\u00e5 hausten 2016 (Golsfjellet og Kongsberg):<br> <font size=\"-1\">Trykk p\u00e5 bileta for \u00e5 lage dei st\u00f8rre.<\/font><\/p>\r\n\r\n\r\n\r\n<p>\r\n(Tilbake til <a href=\"https:\/\/trefall.com\/blog\/nn\/fotoalbum\/\">Fotoalbum<\/a>)<\/p>\r\n\r\n\r\n\r\n<figure class=\"wp-block-image\"><a href=\"\/wordpress\/wp-content\/uploads\/2016\/05\/DSC4106-Pano-3.jpg\"><img loading=\"lazy\" decoding=\"async\" width=\"3440\" height=\"964\" src=\"\/wordpress\/wp-content\/uploads\/2016\/05\/DSC4106-Pano-3.jpg\" alt=\"\" class=\"wp-image-1443\" srcset=\"https:\/\/www.trefall.com\/wordpress\/wp-content\/uploads\/2016\/05\/DSC4106-Pano-3.jpg 3440w, https:\/\/www.trefall.com\/wordpress\/wp-content\/uploads\/2016\/05\/DSC4106-Pano-3-300x84.jpg 300w, https:\/\/www.trefall.com\/wordpress\/wp-content\/uploads\/2016\/05\/DSC4106-Pano-3-768x215.jpg 768w, https:\/\/www.trefall.com\/wordpress\/wp-content\/uploads\/2016\/05\/DSC4106-Pano-3-1024x287.jpg 1024w, https:\/\/www.trefall.com\/wordpress\/wp-content\/uploads\/2016\/05\/DSC4106-Pano-3-1200x336.jpg 1200w\" sizes=\"(max-width: 709px) 85vw, (max-width: 909px) 67vw, (max-width: 1362px) 62vw, 840px\" \/><\/a><\/figure>\r\n\r\n\r\n\r\n<figure class=\"wp-block-image\"><a href=\"\/wordpress\/wp-content\/uploads\/2016\/05\/DSC4417-HDR-3.jpg\"><img loading=\"lazy\" decoding=\"async\" width=\"3440\" height=\"1628\" src=\"\/wordpress\/wp-content\/uploads\/2016\/05\/DSC4417-HDR-3.jpg\" alt=\"\" class=\"wp-image-1445\" srcset=\"https:\/\/www.trefall.com\/wordpress\/wp-content\/uploads\/2016\/05\/DSC4417-HDR-3.jpg 3440w, https:\/\/www.trefall.com\/wordpress\/wp-content\/uploads\/2016\/05\/DSC4417-HDR-3-300x142.jpg 300w, https:\/\/www.trefall.com\/wordpress\/wp-content\/uploads\/2016\/05\/DSC4417-HDR-3-768x363.jpg 768w, https:\/\/www.trefall.com\/wordpress\/wp-content\/uploads\/2016\/05\/DSC4417-HDR-3-1024x485.jpg 1024w, https:\/\/www.trefall.com\/wordpress\/wp-content\/uploads\/2016\/05\/DSC4417-HDR-3-1200x568.jpg 1200w\" sizes=\"(max-width: 709px) 85vw, (max-width: 909px) 67vw, (max-width: 1362px) 62vw, 840px\" \/><\/a><\/figure>\r\n\r\n\r\n\r\n<div class='content-column one_half'><div style=\"padding-right:10px;\"><a href=\"\/wordpress\/wp-content\/uploads\/2016\/12\/image-3.jpeg\"><img loading=\"lazy\" decoding=\"async\" width=\"2183\" height=\"1439\" src=\"\/wordpress\/wp-content\/uploads\/2016\/12\/image-3.jpeg\" alt=\"\" class=\"wp-image-1340\" srcset=\"https:\/\/www.trefall.com\/wordpress\/wp-content\/uploads\/2016\/12\/image-3.jpeg 2183w, https:\/\/www.trefall.com\/wordpress\/wp-content\/uploads\/2016\/12\/image-3-300x198.jpeg 300w, https:\/\/www.trefall.com\/wordpress\/wp-content\/uploads\/2016\/12\/image-3-768x506.jpeg 768w, https:\/\/www.trefall.com\/wordpress\/wp-content\/uploads\/2016\/12\/image-3-1024x675.jpeg 1024w, https:\/\/www.trefall.com\/wordpress\/wp-content\/uploads\/2016\/12\/image-3-1200x791.jpeg 1200w\" sizes=\"(max-width: 709px) 85vw, (max-width: 909px) 67vw, (max-width: 1362px) 62vw, 840px\" \/><\/a><\/div><\/div>\r\n\r\n\r\n\r\n<div class='content-column one_half last_column'><div style=\"padding-left:10px;\"><a href=\"\/wordpress\/wp-content\/uploads\/2016\/12\/image-2.jpeg\"><img loading=\"lazy\" decoding=\"async\" src=\"\/wordpress\/wp-content\/uploads\/2016\/12\/image-2.jpeg\" alt=\"\" width=\"2485\" height=\"2207\" class=\"alignnone size-full wp-image-1338\" srcset=\"https:\/\/www.trefall.com\/wordpress\/wp-content\/uploads\/2016\/12\/image-2.jpeg 2485w, https:\/\/www.trefall.com\/wordpress\/wp-content\/uploads\/2016\/12\/image-2-300x266.jpeg 300w, https:\/\/www.trefall.com\/wordpress\/wp-content\/uploads\/2016\/12\/image-2-768x682.jpeg 768w, https:\/\/www.trefall.com\/wordpress\/wp-content\/uploads\/2016\/12\/image-2-1024x909.jpeg 1024w, https:\/\/www.trefall.com\/wordpress\/wp-content\/uploads\/2016\/12\/image-2-1200x1066.jpeg 1200w\" sizes=\"(max-width: 709px) 85vw, (max-width: 909px) 67vw, (max-width: 1362px) 62vw, 840px\" \/><\/a><\/div><\/div><div class='clear_column'><\/div>\r\n\r\n\r\n\r\n<p><\/p>\r\n\r\n\r\n\r\n<p>\r\n\r\nL\u00e5gendalsmuseet Kongsberg 1. februar 2017:\r\n\r\n<\/p>\r\n\r\n\r\n\r\n<figure class=\"wp-block-image\"><a href=\"\/wordpress\/wp-content\/uploads\/2017\/02\/IMG_0331.jpg\"><img loading=\"lazy\" decoding=\"async\" width=\"3505\" height=\"873\" src=\"\/wordpress\/wp-content\/uploads\/2017\/02\/IMG_0331.jpg\" alt=\"\" class=\"wp-image-1554\" srcset=\"https:\/\/www.trefall.com\/wordpress\/wp-content\/uploads\/2017\/02\/IMG_0331.jpg 3505w, https:\/\/www.trefall.com\/wordpress\/wp-content\/uploads\/2017\/02\/IMG_0331-300x75.jpg 300w, https:\/\/www.trefall.com\/wordpress\/wp-content\/uploads\/2017\/02\/IMG_0331-768x191.jpg 768w, https:\/\/www.trefall.com\/wordpress\/wp-content\/uploads\/2017\/02\/IMG_0331-1024x255.jpg 1024w\" sizes=\"(max-width: 709px) 85vw, (max-width: 909px) 67vw, (max-width: 1362px) 62vw, 840px\" \/><\/a><\/figure>\r\n\r\n\r\n\r\n<p><\/p>\r\n\r\n\r\n\r\n<p>Magasinparken Kongsberg 11. februar 2017:  <br><\/p>\r\n\r\n\r\n\r\n<figure class=\"wp-block-image\"><a href=\"\/wordpress\/wp-content\/uploads\/2017\/02\/IMG_0463.jpg\"><img loading=\"lazy\" decoding=\"async\" width=\"4182\" height=\"866\" src=\"\/wordpress\/wp-content\/uploads\/2017\/02\/IMG_0463.jpg\" alt=\"\" class=\"wp-image-1566\" srcset=\"https:\/\/www.trefall.com\/wordpress\/wp-content\/uploads\/2017\/02\/IMG_0463.jpg 4182w, https:\/\/www.trefall.com\/wordpress\/wp-content\/uploads\/2017\/02\/IMG_0463-300x62.jpg 300w, https:\/\/www.trefall.com\/wordpress\/wp-content\/uploads\/2017\/02\/IMG_0463-768x159.jpg 768w, https:\/\/www.trefall.com\/wordpress\/wp-content\/uploads\/2017\/02\/IMG_0463-1024x212.jpg 1024w\" sizes=\"(max-width: 709px) 85vw, (max-width: 909px) 67vw, (max-width: 1362px) 62vw, 840px\" \/><\/a><\/figure>\r\n\r\n\r\n\r\n<p> <\/p>\r\n\r\n\r\n\r\n<p>\r\n\r\nGamlebrua Kongsberg 20.03.17:\r\n\r\n<\/p>\r\n\r\n\r\n\r\n<figure class=\"wp-block-image\"><a href=\"\/wordpress\/wp-content\/uploads\/2016\/05\/IMG_1211.jpg\"><img loading=\"lazy\" decoding=\"async\" width=\"4000\" height=\"2250\" src=\"\/wordpress\/wp-content\/uploads\/2016\/05\/IMG_1211.jpg\" alt=\"\" class=\"wp-image-1684\" srcset=\"https:\/\/www.trefall.com\/wordpress\/wp-content\/uploads\/2016\/05\/IMG_1211.jpg 4000w, https:\/\/www.trefall.com\/wordpress\/wp-content\/uploads\/2016\/05\/IMG_1211-300x169.jpg 300w, https:\/\/www.trefall.com\/wordpress\/wp-content\/uploads\/2016\/05\/IMG_1211-768x432.jpg 768w, https:\/\/www.trefall.com\/wordpress\/wp-content\/uploads\/2016\/05\/IMG_1211-1024x576.jpg 1024w\" sizes=\"(max-width: 709px) 85vw, (max-width: 909px) 67vw, (max-width: 1362px) 62vw, 840px\" \/><\/a><\/figure>\r\n\r\n\r\n\r\n<p><\/p>\r\n\r\n\r\n\r\n<p>\r\n\r\nLangs L\u00e5gen:\r\n\r\n<\/p>\r\n\r\n\r\n\r\n<figure class=\"wp-block-image\"><a href=\"\/wordpress\/wp-content\/uploads\/2016\/05\/IMG_1636.jpg\"><img loading=\"lazy\" decoding=\"async\" width=\"2500\" height=\"1406\" src=\"\/wordpress\/wp-content\/uploads\/2016\/05\/IMG_1636.jpg\" alt=\"\" class=\"wp-image-1709\" srcset=\"https:\/\/www.trefall.com\/wordpress\/wp-content\/uploads\/2016\/05\/IMG_1636.jpg 2500w, https:\/\/www.trefall.com\/wordpress\/wp-content\/uploads\/2016\/05\/IMG_1636-300x169.jpg 300w, https:\/\/www.trefall.com\/wordpress\/wp-content\/uploads\/2016\/05\/IMG_1636-768x432.jpg 768w, https:\/\/www.trefall.com\/wordpress\/wp-content\/uploads\/2016\/05\/IMG_1636-1024x576.jpg 1024w\" sizes=\"(max-width: 709px) 85vw, (max-width: 909px) 67vw, (max-width: 1362px) 62vw, 840px\" \/><\/a><\/figure>\r\n\r\n\r\n\r\n<p><br> <\/p>\r\n\r\n\r\n\r\n<p>Killingskardet:<br><\/p>\r\n\r\n\r\n\r\n<figure class=\"wp-block-image alignnone\"><a href=\"\/wordpress\/wp-content\/uploads\/2016\/05\/IMG_4251.jpg\"><img loading=\"lazy\" decoding=\"async\" width=\"3000\" height=\"1687\" src=\"\/wordpress\/wp-content\/uploads\/2016\/05\/IMG_4251.jpg\" alt=\"\" class=\"wp-image-1765\" srcset=\"https:\/\/www.trefall.com\/wordpress\/wp-content\/uploads\/2016\/05\/IMG_4251.jpg 3000w, https:\/\/www.trefall.com\/wordpress\/wp-content\/uploads\/2016\/05\/IMG_4251-300x169.jpg 300w, https:\/\/www.trefall.com\/wordpress\/wp-content\/uploads\/2016\/05\/IMG_4251-768x432.jpg 768w, https:\/\/www.trefall.com\/wordpress\/wp-content\/uploads\/2016\/05\/IMG_4251-1024x576.jpg 1024w\" sizes=\"(max-width: 709px) 85vw, (max-width: 909px) 67vw, (max-width: 1362px) 62vw, 840px\" \/><\/a><figcaption>juni 2017<\/figcaption><\/figure>\r\n\r\n\r\n\r\n<p><\/p>\r\n\r\n\r\n\r\n<p>\r\n\r\nSognefjellet:\r\n\r\n<\/p>\r\n\r\n\r\n\r\n<figure class=\"wp-block-image\"><a href=\"\/wordpress\/wp-content\/uploads\/2016\/05\/IMG_4924.jpg\"><img loading=\"lazy\" decoding=\"async\" width=\"4000\" height=\"1886\" src=\"\/wordpress\/wp-content\/uploads\/2016\/05\/IMG_4924.jpg\" alt=\"\" class=\"wp-image-1777\" srcset=\"https:\/\/www.trefall.com\/wordpress\/wp-content\/uploads\/2016\/05\/IMG_4924.jpg 4000w, https:\/\/www.trefall.com\/wordpress\/wp-content\/uploads\/2016\/05\/IMG_4924-300x141.jpg 300w, https:\/\/www.trefall.com\/wordpress\/wp-content\/uploads\/2016\/05\/IMG_4924-768x362.jpg 768w, https:\/\/www.trefall.com\/wordpress\/wp-content\/uploads\/2016\/05\/IMG_4924-1024x483.jpg 1024w\" sizes=\"(max-width: 709px) 85vw, (max-width: 909px) 67vw, (max-width: 1362px) 62vw, 840px\" \/><\/a><\/figure>\r\n\r\n\r\n\r\n<p><br> <\/p>\r\n\r\n\r\n\r\n<p>\r\n\r\nHaukelifjell:\r\n\r\n<\/p>\r\n\r\n\r\n\r\n<figure class=\"wp-block-image\"><a href=\"\/wordpress\/wp-content\/uploads\/2016\/05\/IMG_5228.jpg\"><img loading=\"lazy\" decoding=\"async\" width=\"4000\" height=\"2250\" src=\"\/wordpress\/wp-content\/uploads\/2016\/05\/IMG_5228.jpg\" alt=\"\" class=\"wp-image-1779\" srcset=\"https:\/\/www.trefall.com\/wordpress\/wp-content\/uploads\/2016\/05\/IMG_5228.jpg 4000w, https:\/\/www.trefall.com\/wordpress\/wp-content\/uploads\/2016\/05\/IMG_5228-300x169.jpg 300w, https:\/\/www.trefall.com\/wordpress\/wp-content\/uploads\/2016\/05\/IMG_5228-768x432.jpg 768w, https:\/\/www.trefall.com\/wordpress\/wp-content\/uploads\/2016\/05\/IMG_5228-1024x576.jpg 1024w\" sizes=\"(max-width: 709px) 85vw, (max-width: 909px) 67vw, (max-width: 1362px) 62vw, 840px\" \/><\/a><\/figure>\r\n\r\n\r\n\r\n<figure class=\"wp-block-image\"><a href=\"\/wordpress\/wp-content\/uploads\/2016\/05\/IMG_5240.jpg\"><img loading=\"lazy\" decoding=\"async\" width=\"4000\" height=\"1887\" src=\"\/wordpress\/wp-content\/uploads\/2016\/05\/IMG_5240.jpg\" alt=\"\" class=\"wp-image-1780\" srcset=\"https:\/\/www.trefall.com\/wordpress\/wp-content\/uploads\/2016\/05\/IMG_5240.jpg 4000w, https:\/\/www.trefall.com\/wordpress\/wp-content\/uploads\/2016\/05\/IMG_5240-300x142.jpg 300w, https:\/\/www.trefall.com\/wordpress\/wp-content\/uploads\/2016\/05\/IMG_5240-768x362.jpg 768w, https:\/\/www.trefall.com\/wordpress\/wp-content\/uploads\/2016\/05\/IMG_5240-1024x483.jpg 1024w\" sizes=\"(max-width: 709px) 85vw, (max-width: 909px) 67vw, (max-width: 1362px) 62vw, 840px\" \/><\/a><\/figure>\r\n\r\n\r\n\r\n<p><\/p>\r\n\r\n\r\n\r\n<p>\r\n\r\nHardangervidda, m\u00e5ne:\r\n\r\n<\/p>\r\n\r\n\r\n\r\n<figure class=\"wp-block-image\"><a href=\"\/wordpress\/wp-content\/uploads\/2016\/05\/IMG_4268.jpg\"><img loading=\"lazy\" decoding=\"async\" width=\"3968\" height=\"2232\" src=\"\/wordpress\/wp-content\/uploads\/2016\/05\/IMG_4268.jpg\" alt=\"\" class=\"wp-image-1796\" srcset=\"https:\/\/www.trefall.com\/wordpress\/wp-content\/uploads\/2016\/05\/IMG_4268.jpg 3968w, https:\/\/www.trefall.com\/wordpress\/wp-content\/uploads\/2016\/05\/IMG_4268-300x169.jpg 300w, https:\/\/www.trefall.com\/wordpress\/wp-content\/uploads\/2016\/05\/IMG_4268-768x432.jpg 768w, https:\/\/www.trefall.com\/wordpress\/wp-content\/uploads\/2016\/05\/IMG_4268-1024x576.jpg 1024w\" sizes=\"(max-width: 709px) 85vw, (max-width: 909px) 67vw, (max-width: 1362px) 62vw, 840px\" \/><\/a><\/figure>\r\n\r\n\r\n\r\n<p><\/p>\r\n\r\n\r\n\r\n<p>\r\n\r\nM\u00e5ne over Glitregata:\r\n\r\n<\/p>\r\n\r\n\r\n\r\n<figure class=\"wp-block-image\"><a href=\"\/wordpress\/wp-content\/uploads\/2016\/05\/IMG_0209.jpg\"><img loading=\"lazy\" decoding=\"async\" width=\"3984\" height=\"2240\" src=\"\/wordpress\/wp-content\/uploads\/2016\/05\/IMG_0209.jpg\" alt=\"\" class=\"wp-image-1801\" srcset=\"https:\/\/www.trefall.com\/wordpress\/wp-content\/uploads\/2016\/05\/IMG_0209.jpg 3984w, https:\/\/www.trefall.com\/wordpress\/wp-content\/uploads\/2016\/05\/IMG_0209-300x169.jpg 300w, https:\/\/www.trefall.com\/wordpress\/wp-content\/uploads\/2016\/05\/IMG_0209-768x432.jpg 768w, https:\/\/www.trefall.com\/wordpress\/wp-content\/uploads\/2016\/05\/IMG_0209-1024x576.jpg 1024w\" sizes=\"(max-width: 709px) 85vw, (max-width: 909px) 67vw, (max-width: 1362px) 62vw, 840px\" \/><\/a><\/figure>\r\n\r\n\r\n\r\n<p><\/p>\r\n\r\n\r\n\r\n<p>\r\n\r\nBlenuten:\r\n\r\n<\/p>\r\n\r\n\r\n\r\n<figure class=\"wp-block-image\"><a href=\"\/wordpress\/wp-content\/uploads\/2016\/05\/IMG_0337.jpg\"><img loading=\"lazy\" decoding=\"async\" width=\"4800\" height=\"1063\" src=\"\/wordpress\/wp-content\/uploads\/2016\/05\/IMG_0337.jpg\" alt=\"\" class=\"wp-image-1805\" srcset=\"https:\/\/www.trefall.com\/wordpress\/wp-content\/uploads\/2016\/05\/IMG_0337.jpg 4800w, https:\/\/www.trefall.com\/wordpress\/wp-content\/uploads\/2016\/05\/IMG_0337-300x66.jpg 300w, https:\/\/www.trefall.com\/wordpress\/wp-content\/uploads\/2016\/05\/IMG_0337-768x170.jpg 768w, https:\/\/www.trefall.com\/wordpress\/wp-content\/uploads\/2016\/05\/IMG_0337-1024x227.jpg 1024w\" sizes=\"(max-width: 709px) 85vw, (max-width: 909px) 67vw, (max-width: 1362px) 62vw, 840px\" \/><\/a><\/figure>\r\n\r\n\r\n\r\n<p><\/p>\r\n\r\n\r\n\r\n<p>\r\n\r\nSkogshorn:\r\n\r\n<\/p>\r\n\r\n\r\n\r\n<figure class=\"wp-block-image\"><a href=\"\/wordpress\/wp-content\/uploads\/2016\/05\/DC7D9B66-3A56-4F3C-BDF4-7ED023DE64FA.jpeg\"><img loading=\"lazy\" decoding=\"async\" width=\"3000\" height=\"1687\" src=\"\/wordpress\/wp-content\/uploads\/2016\/05\/DC7D9B66-3A56-4F3C-BDF4-7ED023DE64FA.jpeg\" alt=\"\" class=\"wp-image-1826\" srcset=\"https:\/\/www.trefall.com\/wordpress\/wp-content\/uploads\/2016\/05\/DC7D9B66-3A56-4F3C-BDF4-7ED023DE64FA.jpeg 3000w, https:\/\/www.trefall.com\/wordpress\/wp-content\/uploads\/2016\/05\/DC7D9B66-3A56-4F3C-BDF4-7ED023DE64FA-300x169.jpeg 300w, https:\/\/www.trefall.com\/wordpress\/wp-content\/uploads\/2016\/05\/DC7D9B66-3A56-4F3C-BDF4-7ED023DE64FA-768x432.jpeg 768w, https:\/\/www.trefall.com\/wordpress\/wp-content\/uploads\/2016\/05\/DC7D9B66-3A56-4F3C-BDF4-7ED023DE64FA-1024x576.jpeg 1024w\" sizes=\"(max-width: 709px) 85vw, (max-width: 909px) 67vw, (max-width: 1362px) 62vw, 840px\" \/><\/a><\/figure>\r\n\r\n\r\n\r\n<figure class=\"wp-block-image\"><a href=\"\/wordpress\/wp-content\/uploads\/2016\/05\/F7DD1095-AE4A-4ACC-849B-24222C3F96BB.jpeg\"><img loading=\"lazy\" decoding=\"async\" width=\"3000\" height=\"1687\" src=\"\/wordpress\/wp-content\/uploads\/2016\/05\/F7DD1095-AE4A-4ACC-849B-24222C3F96BB.jpeg\" alt=\"\" class=\"wp-image-1827\" srcset=\"https:\/\/www.trefall.com\/wordpress\/wp-content\/uploads\/2016\/05\/F7DD1095-AE4A-4ACC-849B-24222C3F96BB.jpeg 3000w, https:\/\/www.trefall.com\/wordpress\/wp-content\/uploads\/2016\/05\/F7DD1095-AE4A-4ACC-849B-24222C3F96BB-300x169.jpeg 300w, https:\/\/www.trefall.com\/wordpress\/wp-content\/uploads\/2016\/05\/F7DD1095-AE4A-4ACC-849B-24222C3F96BB-768x432.jpeg 768w, https:\/\/www.trefall.com\/wordpress\/wp-content\/uploads\/2016\/05\/F7DD1095-AE4A-4ACC-849B-24222C3F96BB-1024x576.jpeg 1024w\" sizes=\"(max-width: 709px) 85vw, (max-width: 909px) 67vw, (max-width: 1362px) 62vw, 840px\" \/><\/a><\/figure>\r\n\r\n\r\n\r\n<figure class=\"wp-block-image\"><a href=\"\/wordpress\/wp-content\/uploads\/2016\/05\/B740A424-0398-4428-9E46-E07E9FC72EB9.jpeg\"><img loading=\"lazy\" decoding=\"async\" width=\"2900\" height=\"1631\" src=\"\/wordpress\/wp-content\/uploads\/2016\/05\/B740A424-0398-4428-9E46-E07E9FC72EB9.jpeg\" alt=\"\" class=\"wp-image-1828\" srcset=\"https:\/\/www.trefall.com\/wordpress\/wp-content\/uploads\/2016\/05\/B740A424-0398-4428-9E46-E07E9FC72EB9.jpeg 2900w, https:\/\/www.trefall.com\/wordpress\/wp-content\/uploads\/2016\/05\/B740A424-0398-4428-9E46-E07E9FC72EB9-300x169.jpeg 300w, https:\/\/www.trefall.com\/wordpress\/wp-content\/uploads\/2016\/05\/B740A424-0398-4428-9E46-E07E9FC72EB9-768x432.jpeg 768w, https:\/\/www.trefall.com\/wordpress\/wp-content\/uploads\/2016\/05\/B740A424-0398-4428-9E46-E07E9FC72EB9-1024x576.jpeg 1024w\" sizes=\"(max-width: 709px) 85vw, (max-width: 909px) 67vw, (max-width: 1362px) 62vw, 840px\" \/><\/a><\/figure>\r\n\r\n\r\n\r\n<figure class=\"wp-block-image\"><a href=\"\/wordpress\/wp-content\/uploads\/2016\/05\/ECD4FCBE-1588-410E-AB7A-BC5AA2E12E2A.jpeg\"><img loading=\"lazy\" decoding=\"async\" width=\"3000\" height=\"1687\" src=\"\/wordpress\/wp-content\/uploads\/2016\/05\/ECD4FCBE-1588-410E-AB7A-BC5AA2E12E2A.jpeg\" alt=\"\" class=\"wp-image-1829\" srcset=\"https:\/\/www.trefall.com\/wordpress\/wp-content\/uploads\/2016\/05\/ECD4FCBE-1588-410E-AB7A-BC5AA2E12E2A.jpeg 3000w, https:\/\/www.trefall.com\/wordpress\/wp-content\/uploads\/2016\/05\/ECD4FCBE-1588-410E-AB7A-BC5AA2E12E2A-300x169.jpeg 300w, https:\/\/www.trefall.com\/wordpress\/wp-content\/uploads\/2016\/05\/ECD4FCBE-1588-410E-AB7A-BC5AA2E12E2A-768x432.jpeg 768w, https:\/\/www.trefall.com\/wordpress\/wp-content\/uploads\/2016\/05\/ECD4FCBE-1588-410E-AB7A-BC5AA2E12E2A-1024x576.jpeg 1024w\" sizes=\"(max-width: 709px) 85vw, (max-width: 909px) 67vw, (max-width: 1362px) 62vw, 840px\" \/><\/a><\/figure>\r\n\r\n\r\n\r\n<figure class=\"wp-block-image\"><a href=\"\/wordpress\/wp-content\/uploads\/2016\/05\/2F92C3DB-0425-4C62-8D36-6059B7C830B0.jpeg\"><img loading=\"lazy\" decoding=\"async\" width=\"3000\" height=\"1512\" src=\"\/wordpress\/wp-content\/uploads\/2016\/05\/2F92C3DB-0425-4C62-8D36-6059B7C830B0.jpeg\" alt=\"\" class=\"wp-image-1831\" srcset=\"https:\/\/www.trefall.com\/wordpress\/wp-content\/uploads\/2016\/05\/2F92C3DB-0425-4C62-8D36-6059B7C830B0.jpeg 3000w, https:\/\/www.trefall.com\/wordpress\/wp-content\/uploads\/2016\/05\/2F92C3DB-0425-4C62-8D36-6059B7C830B0-300x151.jpeg 300w, https:\/\/www.trefall.com\/wordpress\/wp-content\/uploads\/2016\/05\/2F92C3DB-0425-4C62-8D36-6059B7C830B0-768x387.jpeg 768w, https:\/\/www.trefall.com\/wordpress\/wp-content\/uploads\/2016\/05\/2F92C3DB-0425-4C62-8D36-6059B7C830B0-1024x516.jpeg 1024w\" sizes=\"(max-width: 709px) 85vw, (max-width: 909px) 67vw, (max-width: 1362px) 62vw, 840px\" \/><\/a><\/figure>\r\n\r\n\r\n\r\n<figure class=\"wp-block-image\"><a href=\"\/wordpress\/wp-content\/uploads\/2016\/05\/7F2AB5EA-CD5B-495B-9307-8D239431CE49.jpeg\"><img loading=\"lazy\" decoding=\"async\" width=\"3564\" height=\"822\" src=\"\/wordpress\/wp-content\/uploads\/2016\/05\/7F2AB5EA-CD5B-495B-9307-8D239431CE49.jpeg\" alt=\"\" class=\"wp-image-1823\" srcset=\"https:\/\/www.trefall.com\/wordpress\/wp-content\/uploads\/2016\/05\/7F2AB5EA-CD5B-495B-9307-8D239431CE49.jpeg 3564w, https:\/\/www.trefall.com\/wordpress\/wp-content\/uploads\/2016\/05\/7F2AB5EA-CD5B-495B-9307-8D239431CE49-300x69.jpeg 300w, https:\/\/www.trefall.com\/wordpress\/wp-content\/uploads\/2016\/05\/7F2AB5EA-CD5B-495B-9307-8D239431CE49-768x177.jpeg 768w, https:\/\/www.trefall.com\/wordpress\/wp-content\/uploads\/2016\/05\/7F2AB5EA-CD5B-495B-9307-8D239431CE49-1024x236.jpeg 1024w\" sizes=\"(max-width: 709px) 85vw, (max-width: 909px) 67vw, (max-width: 1362px) 62vw, 840px\" \/><\/a><\/figure>\r\n\r\n\r\n\r\n<p><\/p>\r\n\r\n\r\n\r\n<p>S\u00e5 eit par Trefallst\u00f8l album som tidligare er lagt ut p\u00e5 <a href=\"\/trefallstolen\/index.htm\" target=\"_blank\" rel=\"noopener noreferrer\">trefall.com\/trefallstolen\/<\/a> og <a href=\"\/andre_stadar\/index.htm\" target=\"_blank\" rel=\"noopener noreferrer\">trefall.com\/andre_stadar\/<\/a>.<\/p>\r\n\r\n\r\n\r\n<p>Bruk ekspander-pilane som kjem fram med musepekaren over ein bilet-serie til \u00e5 vise full-skjerm:<\/p>\r\n\r\n\r\n\r\n<!--START JUICEBOX EMBED-->\r\n<script src=\"\/trefallstolen\/slide2008marV02\/jbcore\/juicebox.js\">\/\/ <![CDATA[\r\n\/\/ ]]><\/script><script>\/\/ <![CDATA[\r\nnew juicebox({ containerId : 'juicebox-container', baseUrl : '\/trefallstolen\/slide_2006_1108V03\/', galleryWidth : '100%', galleryHeight : '25%' }); new juicebox({ containerId : 'juicebox-container2', baseUrl : '\/trefallstolen\/slide2008juniV03\/', galleryWidth : '100%', galleryHeight : '25%' }); new juicebox({ containerId : 'juicebox-container3', baseUrl : '\/andre_stadar\/slide2010oktV03\/', galleryWidth : '100%', galleryHeight : '25%' });\r\n\/\/ ]]><\/script>\r\n\r\n\r\n<div class='content-column one_third'><div style=\"padding-left:6px;\"><div id=\"juicebox-container\"><\/div>\n<p>Trefallst\u00f8len august 2006<\/div><\/div>\n\r\n\r\n<div class='content-column one_third'><div style=\"padding-left:6px;\"><div id=\"juicebox-container2\"><\/div>\n<p>Trefallst\u00f8len juni 2008<\/div><\/div>\n\r\n\r\n<div class='content-column one_third last_column'><div style=\"padding-left:6px;\"><div id=\"juicebox-container3\"><\/div>\n<p>Kvitanosi oktober 2010<\/div><\/div><div class='clear_column'><\/div>\n\r\n\r\n\r\n<center><hr style=\"width: 50%\"><p style=\"font-size: 75%;\">Denne sida blei sist endra <span class=\"last-modified-timestamp\">aug 10, 2023 @ 12:21<\/span> &#8211; Copyright \u00a9 kaare@trefall.com 2023<\/p>\r\n<p><\/p><\/center>\r\n\r\n\r\n\r\n<p><\/p>\r\n","protected":false},"excerpt":{"rendered":"<p>Nokre blinkskot fr\u00e5 hausten 2016 (Golsfjellet og Kongsberg): Trykk p\u00e5 bileta for \u00e5 lage dei st\u00f8rre. (Tilbake til Fotoalbum) L\u00e5gendalsmuseet Kongsberg 1. februar 2017: Magasinparken Kongsberg 11. februar 2017: Gamlebrua Kongsberg 20.03.17: Langs L\u00e5gen: Killingskardet: Sognefjellet: Haukelifjell: Hardangervidda, m\u00e5ne: M\u00e5ne over Glitregata: Blenuten: Skogshorn: S\u00e5 eit par Trefallst\u00f8l album som tidligare er lagt ut p\u00e5 &hellip; <a href=\"https:\/\/www.trefall.com\/blog\/nn\/fotoalbum\/lett-blanding\/\" class=\"more-link\">Hald fram med \u00e5 lese<span class=\"screen-reader-text\"> \u00abLett blanding\u00bb<\/span><\/a><\/p>\n","protected":false},"author":1,"featured_media":0,"parent":420,"menu_order":0,"comment_status":"closed","ping_status":"closed","template":"","meta":{"_uag_custom_page_level_css":"","advgb_blocks_editor_width":"","advgb_blocks_columns_visual_guide":"","jetpack_post_was_ever_published":false,"footnotes":""},"featured_image_urls_v2":{"full":"","thumbnail":"","medium":"","medium_large":"","large":"","1536x1536":"","2048x2048":"","post-thumbnail":"","awb_sm":"","awb_md":"","awb_lg":"","awb_xl":""},"post_excerpt_stackable_v2":"<p>Nokre blinkskot fr\u00e5 hausten 2016 (Golsfjellet og Kongsberg): Trykk p\u00e5 bileta for \u00e5 lage dei st\u00f8rre. (Tilbake til Fotoalbum) L\u00e5gendalsmuseet Kongsberg 1. februar 2017: Magasinparken Kongsberg 11. februar 2017: Gamlebrua Kongsberg 20.03.17: Langs L\u00e5gen: Killingskardet: juni 2017 Sognefjellet: Haukelifjell: Hardangervidda, m\u00e5ne: M\u00e5ne over Glitregata: Blenuten: Skogshorn: S\u00e5 eit par Trefallst\u00f8l album som tidligare er lagt ut p\u00e5 trefall.com\/trefallstolen\/ og trefall.com\/andre_stadar\/. Bruk ekspander-pilane som kjem fram med musepekaren over ein bilet-serie til \u00e5 vise full-skjerm: Trefallst\u00f8len august 2006 Trefallst\u00f8len juni 2008 Kvitanosi oktober 2010 Denne sida blei sist endra aug 10, 2023 @ 12:21 &#8211; Copyright \u00a9 kaare@trefall.com 2023<\/p>\n","category_list_v2":"","author_info_v2":{"name":"kaare","url":"https:\/\/www.trefall.com\/blog\/author\/kaare\/"},"comments_num_v2":"0 comments","featured_image_src":null,"pbg_featured_image_src":{"full":false,"thumbnail":false,"medium":false,"medium_large":false,"large":false,"1536x1536":false,"2048x2048":false,"post-thumbnail":false,"awb_sm":false,"awb_md":false,"awb_lg":false,"awb_xl":false},"pbg_author_info":{"display_name":"kaare","author_link":"https:\/\/www.trefall.com\/blog\/author\/kaare\/","author_img":false},"pbg_comment_info":" No Comments","pbg_excerpt":"Nokre blinkskot fr\u00e5 hausten 2016 (Golsfjellet og Kongsberg): Trykk p\u00e5 bileta for \u00e5 lage dei st\u00f8rre. (Tilbake til Fotoalbum) L\u00e5gendalsmuseet Kongsberg 1. februar 2017: Magasinparken Kongsberg 11. februar 2017: Gamlebrua Kongsberg 20.03.17: Langs L\u00e5gen: Killingskardet: Sognefjellet: Haukelifjell: Hardangervidda, m\u00e5ne: M\u00e5ne over Glitregata: Blenuten: Skogshorn: S\u00e5 eit par Trefallst\u00f8l album som tidligare er lagt ut p\u00e5&hellip;","uagb_featured_image_src":{"full":false,"thumbnail":false,"medium":false,"medium_large":false,"large":false,"1536x1536":false,"2048x2048":false,"post-thumbnail":false,"awb_sm":false,"awb_md":false,"awb_lg":false,"awb_xl":false},"uagb_author_info":{"display_name":"kaare","author_link":"https:\/\/www.trefall.com\/blog\/author\/kaare\/"},"uagb_comment_info":0,"uagb_excerpt":"Nokre blinkskot fr\u00e5 hausten 2016 (Golsfjellet og Kongsberg): Trykk p\u00e5 bileta for \u00e5 lage dei st\u00f8rre. (Tilbake til Fotoalbum) L\u00e5gendalsmuseet Kongsberg 1. februar 2017: Magasinparken Kongsberg 11. februar 2017: Gamlebrua Kongsberg 20.03.17: Langs L\u00e5gen: Killingskardet: Sognefjellet: Haukelifjell: Hardangervidda, m\u00e5ne: M\u00e5ne over Glitregata: Blenuten: Skogshorn: S\u00e5 eit par Trefallst\u00f8l album som tidligare er lagt ut p\u00e5&hellip;","coauthors":[],"author_meta":{"author_link":"https:\/\/www.trefall.com\/blog\/author\/kaare\/","display_name":"kaare"},"relative_dates":{"created":"Posted 7 \u00e5r ago","modified":"Updated 3 \u00e5r ago"},"absolute_dates":{"created":"Posted on 16. februar 2019","modified":"Updated on 10. august 2023"},"absolute_dates_time":{"created":"Posted on 16. februar 2019 12:33","modified":"Updated on 10. august 2023 12:21"},"featured_img_caption":"","featured_img":false,"series_order":"","jetpack_sharing_enabled":true,"jetpack_shortlink":"https:\/\/wp.me\/P7ql8K-AN","_links":{"self":[{"href":"https:\/\/www.trefall.com\/blog\/wp-json\/wp\/v2\/pages\/2281"}],"collection":[{"href":"https:\/\/www.trefall.com\/blog\/wp-json\/wp\/v2\/pages"}],"about":[{"href":"https:\/\/www.trefall.com\/blog\/wp-json\/wp\/v2\/types\/page"}],"author":[{"embeddable":true,"href":"https:\/\/www.trefall.com\/blog\/wp-json\/wp\/v2\/users\/1"}],"replies":[{"embeddable":true,"href":"https:\/\/www.trefall.com\/blog\/wp-json\/wp\/v2\/comments?post=2281"}],"version-history":[{"count":1,"href":"https:\/\/www.trefall.com\/blog\/wp-json\/wp\/v2\/pages\/2281\/revisions"}],"predecessor-version":[{"id":3941,"href":"https:\/\/www.trefall.com\/blog\/wp-json\/wp\/v2\/pages\/2281\/revisions\/3941"}],"up":[{"embeddable":true,"href":"https:\/\/www.trefall.com\/blog\/wp-json\/wp\/v2\/pages\/420"}],"wp:attachment":[{"href":"https:\/\/www.trefall.com\/blog\/wp-json\/wp\/v2\/media?parent=2281"}],"curies":[{"name":"wp","href":"https:\/\/api.w.org\/{rel}","templated":true}]}}