{"id":159,"date":"2016-04-15T15:01:41","date_gmt":"2016-04-15T13:01:41","guid":{"rendered":"http:\/\/trefall.com\/blog\/?page_id=159"},"modified":"2020-12-27T14:49:07","modified_gmt":"2020-12-27T13:49:07","slug":"om","status":"publish","type":"page","link":"https:\/\/www.trefall.com\/blog\/nn\/om\/","title":{"rendered":"Om"},"content":{"rendered":"<p>Trefallsida 2 har litt usynleg eksistert sidan v\u00e5ren 2016 under addressa <a href=\"\/blog\/\">trefall.com\/blog<\/a> mens gamle sida fortsatt er \u00e5 finna p\u00e5 <a href=\"\/\" target=\"_blank\" rel=\"noopener noreferrer\">trefall.com<\/a>. Etter ei tid med utforsking nermar det seg no offisiell \u00e5pning \ud83d\ude42<br \/>\n<a href=\"\/\" target=\"_blank\" rel=\"noopener noreferrer\">Trefallsida 1<\/a> (sj\u00e5 ogs\u00e5 den gamle <a href=\"\/xml\/parser.php?xml=\/xml\/main.xml+xsl=\/xml\/main.xsl+lang=no+css=\/xml\/main.css+cclass=printable+id=om1+view=\" target=\"_blank\" rel=\"noopener noreferrer\">om<\/a> sida) vil best\u00e5 lenge enno. Noko av stoffet derifr\u00e5 vil bli flytta hit i ny drakt. Noko av det i form av \u00ablenkar\u00bb. Nytt stoff vil koma her. Og m\u00e5let er at minst 90% av stoffet skal v\u00e6ra tospr\u00e5kleg, noko som ogs\u00e5 er med p\u00e5 at ting gror fram litt sakte. Desse nye sidene skal ogs\u00e5 v\u00e6ra lesbare p\u00e5 mobiltelefon og nettbrett \ud83d\ude42<\/p>\n<p><center><\/p>\n<p style=\"font-size: 80%;\"><img decoding=\"async\" src=\"\/old\/train_animated_4.gif\" alt=\"\" width=\"350px\" \/><br \/>\nLitt nostalgi: eigenprodusert ascii animasjon fr\u00e5 fyrste heimesida mi (ca. 1996).<\/p>\n<p><\/center><\/p>\n<table style=\"border: 0px; width: 15%;\">\n<tbody>\n<tr style=\"border: 0px;\">\n<td style=\"border: 0px; font-size: 75%;\" colspan=\"2\">Aktuelle lenker:<\/td>\n<\/tr>\n<tr style=\"border: 0px;\">\n<td style=\"border: 0px; font-size: 75%;\">\n<ul>\n<li><a href=\"\/blog\/\">heim<\/a><\/li>\n<\/ul>\n<\/td>\n<td style=\"border: 0px; font-size: 50%;\">\n<!-- Page-list plugin v.5.9 wordpress.org\/plugins\/page-list\/ -->\n<ul class=\"page-list \">\n<li class=\"page_item page-item-259\"><a href=\"https:\/\/www.trefall.com\/blog\/nn\/om\/admin\/\">admin<\/a><\/li>\n\n<\/ul><\/td>\n<\/tr>\n<\/tbody>\n<\/table>\n<p><!--\n[notphone]\nEin liten smakebit fr\u00e5 den gamle sida:\n[advanced_iframe securitykey=\"76e69118a96027653340820d08bf075060ed9a71\" src=\"\/xml\/parser.php?xml=\/xml\/utvandring.xml+xsl=\/xml\/main.xsl+lang=no+css=\/xml\/main.css+cclass=printable+id=usa1index0050124+view=\"]\n\n\n\n<p\/>\n[\/notphone]\n--><br \/>\n<!-- src=\"\/xml\/parser.php?xml=\/xml\/nesheimkyrkja.xml+xsl=\/xml\/main.xsl+lang=no+css=\/xml\/main.css+cclass=printable+id=Gulleik+view=\" --><br \/>\n<!-- [notphone] Ein liten smakebit fr\u00e5 den gamle sida: [iframe src=\"\/xml\/parser.php?xml=\/xml\/utvandring.xml+xsl=\/xml\/main.xsl+lang=no+css=\/xml\/main.css+cclass=printable+id=usa1index0050124+view=\" width=\"100%\" height=\"900\"] [\/notphone] --><br \/>\n<!--\n[phone]\n<a href=\"\/xml\/parser.php?xml=\/xml\/utvandring.xml+xsl=\/xml\/main.xsl+lang=en+css=\/xml\/main.css+cclass=printable+id=usa1index0050124+view=\" target=\"_blank\" rel=\"noopener noreferrer\">Ein liten smakebit fr\u00e5 den gamle sida<\/a>\n[\/phone]\n\n\n\n<p\/>\n--><\/p>\n","protected":false},"excerpt":{"rendered":"<p>Trefallsida 2 har litt usynleg eksistert sidan v\u00e5ren 2016 under addressa trefall.com\/blog mens gamle sida fortsatt er \u00e5 finna p\u00e5 trefall.com. Etter ei tid med utforsking nermar det seg no offisiell \u00e5pning \ud83d\ude42 Trefallsida 1 (sj\u00e5 ogs\u00e5 den gamle om sida) vil best\u00e5 lenge enno. Noko av stoffet derifr\u00e5 vil bli flytta hit i ny &hellip; <a href=\"https:\/\/www.trefall.com\/blog\/nn\/om\/\" class=\"more-link\">Hald fram med \u00e5 lese<span class=\"screen-reader-text\"> \u00abOm\u00bb<\/span><\/a><\/p>\n","protected":false},"author":1,"featured_media":0,"parent":0,"menu_order":0,"comment_status":"closed","ping_status":"closed","template":"page-wide.php","meta":{"_uag_custom_page_level_css":"","advgb_blocks_editor_width":"","advgb_blocks_columns_visual_guide":"","jetpack_post_was_ever_published":false,"footnotes":""},"featured_image_urls_v2":{"full":"","thumbnail":"","medium":"","medium_large":"","large":"","1536x1536":"","2048x2048":"","post-thumbnail":"","awb_sm":"","awb_md":"","awb_lg":"","awb_xl":""},"post_excerpt_stackable_v2":"<p>Trefallsida 2 har litt usynleg eksistert sidan v\u00e5ren 2016 under addressa trefall.com\/blog mens gamle sida fortsatt er \u00e5 finna p\u00e5 trefall.com. Etter ei tid med utforsking nermar det seg no offisiell \u00e5pning \ud83d\ude42 Trefallsida 1 (sj\u00e5 ogs\u00e5 den gamle om sida) vil best\u00e5 lenge enno. Noko av stoffet derifr\u00e5 vil bli flytta hit i ny drakt. Noko av det i form av \u00ablenkar\u00bb. Nytt stoff vil koma her. Og m\u00e5let er at minst 90% av stoffet skal v\u00e6ra tospr\u00e5kleg, noko som ogs\u00e5 er med p\u00e5 at ting gror fram litt sakte. Desse nye sidene skal ogs\u00e5 v\u00e6ra lesbare p\u00e5 mobiltelefon&hellip;<\/p>\n","category_list_v2":"","author_info_v2":{"name":"kaare","url":"https:\/\/www.trefall.com\/blog\/author\/kaare\/"},"comments_num_v2":"0 comments","featured_image_src":null,"pbg_featured_image_src":{"full":false,"thumbnail":false,"medium":false,"medium_large":false,"large":false,"1536x1536":false,"2048x2048":false,"post-thumbnail":false,"awb_sm":false,"awb_md":false,"awb_lg":false,"awb_xl":false},"pbg_author_info":{"display_name":"kaare","author_link":"https:\/\/www.trefall.com\/blog\/author\/kaare\/","author_img":false},"pbg_comment_info":" No Comments","pbg_excerpt":"Trefallsida 2 har litt usynleg eksistert sidan v\u00e5ren 2016 under addressa trefall.com\/blog mens gamle sida fortsatt er \u00e5 finna p\u00e5 trefall.com. Etter ei tid med utforsking nermar det seg no offisiell \u00e5pning \ud83d\ude42 Trefallsida 1 (sj\u00e5 ogs\u00e5 den gamle om sida) vil best\u00e5 lenge enno. Noko av stoffet derifr\u00e5 vil bli flytta hit i ny&hellip;","uagb_featured_image_src":{"full":false,"thumbnail":false,"medium":false,"medium_large":false,"large":false,"1536x1536":false,"2048x2048":false,"post-thumbnail":false,"awb_sm":false,"awb_md":false,"awb_lg":false,"awb_xl":false},"uagb_author_info":{"display_name":"kaare","author_link":"https:\/\/www.trefall.com\/blog\/author\/kaare\/"},"uagb_comment_info":0,"uagb_excerpt":"Trefallsida 2 har litt usynleg eksistert sidan v\u00e5ren 2016 under addressa trefall.com\/blog mens gamle sida fortsatt er \u00e5 finna p\u00e5 trefall.com. Etter ei tid med utforsking nermar det seg no offisiell \u00e5pning \ud83d\ude42 Trefallsida 1 (sj\u00e5 ogs\u00e5 den gamle om sida) vil best\u00e5 lenge enno. Noko av stoffet derifr\u00e5 vil bli flytta hit i ny&hellip;","coauthors":[],"author_meta":{"author_link":"https:\/\/www.trefall.com\/blog\/author\/kaare\/","display_name":"kaare"},"relative_dates":{"created":"Posted 10 \u00e5r ago","modified":"Updated 5 \u00e5r ago"},"absolute_dates":{"created":"Posted on 15. april 2016","modified":"Updated on 27. desember 2020"},"absolute_dates_time":{"created":"Posted on 15. april 2016 15:01","modified":"Updated on 27. desember 2020 14:49"},"featured_img_caption":"","featured_img":false,"series_order":"","jetpack_sharing_enabled":false,"jetpack_shortlink":"https:\/\/wp.me\/P7ql8K-2z","_links":{"self":[{"href":"https:\/\/www.trefall.com\/blog\/wp-json\/wp\/v2\/pages\/159"}],"collection":[{"href":"https:\/\/www.trefall.com\/blog\/wp-json\/wp\/v2\/pages"}],"about":[{"href":"https:\/\/www.trefall.com\/blog\/wp-json\/wp\/v2\/types\/page"}],"author":[{"embeddable":true,"href":"https:\/\/www.trefall.com\/blog\/wp-json\/wp\/v2\/users\/1"}],"replies":[{"embeddable":true,"href":"https:\/\/www.trefall.com\/blog\/wp-json\/wp\/v2\/comments?post=159"}],"version-history":[{"count":1,"href":"https:\/\/www.trefall.com\/blog\/wp-json\/wp\/v2\/pages\/159\/revisions"}],"predecessor-version":[{"id":3893,"href":"https:\/\/www.trefall.com\/blog\/wp-json\/wp\/v2\/pages\/159\/revisions\/3893"}],"wp:attachment":[{"href":"https:\/\/www.trefall.com\/blog\/wp-json\/wp\/v2\/media?parent=159"}],"curies":[{"name":"wp","href":"https:\/\/api.w.org\/{rel}","templated":true}]}}