{"id":1589,"date":"2017-02-16T15:07:56","date_gmt":"2017-02-16T14:07:56","guid":{"rendered":"http:\/\/trefall.com\/blog\/?page_id=1589"},"modified":"2025-12-31T11:31:36","modified_gmt":"2025-12-31T10:31:36","slug":"webcam","status":"publish","type":"page","link":"https:\/\/www.trefall.com\/blog\/nn\/webcam\/","title":{"rendered":"webcam"},"content":{"rendered":"\n<p>Trefall-webkameraet er dessverre mykje ute av drift for tida.<br>Det kan difor mangla data. Ellers er dette eit &laquo;sn\u00f8ras kamera&raquo; og kan v\u00e6ra &laquo;stengt for sesongen&raquo;. Ellers har utsnittet vi ser blitt endra fram og tilbake fleire gonger i det siste.<\/p>\n\n\n\n<div class=\"wp-block-stackable-columns stk-block-columns stk-block stk-53f639d\" data-block-id=\"53f639d\"><div class=\"stk-row stk-inner-blocks stk-block-content stk-content-align stk-53f639d-column\">\n<div class=\"wp-block-stackable-column stk-block-column stk-column stk-block stk-b56df07\" data-v=\"4\" data-block-id=\"b56df07\"><div class=\"stk-column-wrapper stk-block-column__content stk-container stk-b56df07-container stk--no-background stk--no-padding\"><div class=\"stk-block-content stk-inner-blocks stk-b56df07-inner-blocks\">\n<p>Trefallstranda utsnitt 1<\/p>\n\n\n\n<figure class=\"wp-block-image size-large is-style-default\"><a href=\"https:\/\/kamera.atlas.vegvesen.no\/api\/images\/1229046_1\"><img decoding=\"async\" src=\"https:\/\/kamera.atlas.vegvesen.no\/api\/images\/1229046_1\" alt=\"\" \/><\/a>\n<figcaption>Klikk p\u00e5 bilete for \u00e5 g\u00e5 til Vegvesen orginalen<\/figcaption>\n<\/figure>\n\n\n\n<p><strong>Statens Vegvesen sitt sn\u00f8ras-overv\u00e5knings kamaera for Trefallstranda, utsnitt 1.<\/strong><\/p>\n<\/div><\/div><\/div>\n\n\n\n<div class=\"wp-block-stackable-column stk-block-column stk-column stk-block stk-a7b16f7\" data-v=\"4\" data-block-id=\"a7b16f7\"><div class=\"stk-column-wrapper stk-block-column__content stk-container stk-a7b16f7-container stk--no-background stk--no-padding\"><div class=\"stk-block-content stk-inner-blocks stk-a7b16f7-inner-blocks\">\n<p>Trefallstranda utsnitt 2<\/p>\n\n\n\n<figure class=\"wp-block-image size-large is-style-default\"><a href=\"https:\/\/kamera.atlas.vegvesen.no\/api\/images\/1229046_2\"><img decoding=\"async\" src=\"https:\/\/kamera.atlas.vegvesen.no\/api\/images\/1229046_2\" alt=\"\" \/><\/a>\n<figcaption>Klikk p\u00e5 bilete for \u00e5 g\u00e5 til Vegvesen orginalen<\/figcaption>\n<\/figure\n\n\n\n<p><strong>Statens Vegvesen sitt sn\u00f8ras-overv\u00e5knings kamaera for Trefallstranda, utsnitt 2.<\/strong><\/p>\n<\/div><\/div><\/div>\n<\/div><\/div>\n\n\n\n<p>Oppl\u00f8ysing: 1024&#215;576. Kan v\u00e6ra ute av drift \u00abfor sesongen\u00bb.<br>Klokkeslettet p\u00e5 kamerabileta er kanskje ikkje korrigert for sommartid!<br>(St\u00e5r det &laquo;retning Norheim&raquo; \u00f8verst i biletet skal det v\u00e6re &laquo;retning Nesheim&raquo;.)<\/p>\n\n\n\n<p><\/p>\n\n\n\n<div class=\"wp-block-stackable-columns stk-block-columns stk-block stk-54cedcd\" data-block-id=\"54cedcd\"><div class=\"stk-row stk-inner-blocks stk-block-content stk-content-align stk-54cedcd-column\">\n<div class=\"wp-block-stackable-column stk-block-column stk-column stk-block stk-2e412d9\" data-v=\"4\" data-block-id=\"2e412d9\"><div class=\"stk-column-wrapper stk-block-column__content stk-container stk-2e412d9-container stk--no-background stk--no-padding\"><div class=\"stk-block-content stk-inner-blocks stk-2e412d9-inner-blocks\">\n<p>24 timar<\/p>\n\n\n\n<figure class=\"wp-block-image size-large\"><a href=\"https:\/\/www.trefall.com\/tmp\/wp_camera\/Anim01.gif\"><img decoding=\"async\" src=\"https:\/\/www.trefall.com\/tmp\/wp_camera\/Anim01.gif\" alt=\"\" \/><\/a>\n<figcaption>klikk p\u00e5 bilete for sj\u00e5 st\u00f8rre !<\/figcaption>\n<\/figure>\n\n\n\n<p>Animasjon automatisk laga av dei siste 24 timane.<br>Laga av bilete fr\u00e5 kvart 15tende minutt (<a href=\"https:\/\/www.trefall.com\/tmp\/wp_cameraD\/Anim01.gif\"><strong>her<\/strong><\/a> finn du ein versjon som er fr\u00e5 2 timar f\u00f8r soloppgong til 2 timar etter solnedgong).<br>Huks: klokkeslettet p\u00e5 kamerabileta er ikkje korrigert for sommartid!<br>(ta &laquo;refresh&raquo; i nettlesaren for \u00e5 f\u00e5 siste oppdatering).<\/p>\n<\/div><\/div><\/div>\n\n\n\n<div class=\"wp-block-stackable-column stk-block-column stk-column stk-block stk-fec55aa\" data-v=\"4\" data-block-id=\"fec55aa\"><div class=\"stk-column-wrapper stk-block-column__content stk-container stk-fec55aa-container stk--no-background stk--no-padding\"><div class=\"stk-block-content stk-inner-blocks stk-fec55aa-inner-blocks\">\n<p>Dagar<\/p>\n\n\n\n<figure class=\"wp-block-image size-large\"><a href=\"https:\/\/www.trefall.com\/tmp\/wp_camera2\/Anim01.gif\"><img decoding=\"async\" src=\"https:\/\/www.trefall.com\/tmp\/wp_camera2\/Anim01.gif\" alt=\"\" \/><\/a>\n<figcaption>klikk p\u00e5 bilete for \u00e5 sj\u00e5 st\u00f8rre !<\/figcaption>\n<\/figure>\n\n\n\n<p>Animasjon automatisk laga av bilete kl. 12:00 for dei siste opptil 100 dagane. (Antall dagar avheng av n\u00e5r eg starta jobben p\u00e5 server, no ca 23.-27. januar -24.). &laquo;Hol&raquo; i datorekkja kjem av at kameraet har vore ute av drift.<br>(ta &laquo;refresh&raquo; i nettlesaren for \u00e5 f\u00e5 siste oppdatering)<\/p>\n<\/div><\/div><\/div>\n<\/div><\/div>\n\n\n\n<p><\/p>\n\n\n\n<p><\/p>\n\n\n\n<p><\/p>\n\n\n\n<p><\/p>\n\n\n\n<div class=\"wp-block-stackable-columns stk-block-columns stk-block stk-4ff9c79\" data-block-id=\"4ff9c79\"><div class=\"stk-row stk-inner-blocks stk-block-content stk-content-align stk-4ff9c79-column\">\n<div class=\"wp-block-stackable-column stk-block-column stk-column stk-block stk-0eab85d\" data-v=\"4\" data-block-id=\"0eab85d\"><div class=\"stk-column-wrapper stk-block-column__content stk-container stk-0eab85d-container stk--no-background stk--no-padding\"><div class=\"stk-block-content stk-inner-blocks stk-0eab85d-inner-blocks\">\n<figure class=\"wp-block-image size-large\"><a href=\"https:\/\/www.trefall.com\/tmp\/wp_camera3\/Anim01.gif\"><img decoding=\"async\" src=\"https:\/\/www.trefall.com\/tmp\/wp_camera3\/Anim01.gif\" alt=\"\" \/><\/a>\n<figcaption>klikk p\u00e5 bilete for \u00e5 sj\u00e5 st\u00f8rre !<\/figcaption>\n<\/figure>\n\n\n\n<p>Animasjon fr\u00e5 kvelden 10. januar 2020. Fint v\u00e6r og fullm\u00e5ne som kastar Trefallsnovi skugge p\u00e5 Trefallstranda.<br>(klikk for st\u00f8rre bilde)<\/p>\n<\/div><\/div><\/div>\n\n\n\n<div class=\"wp-block-stackable-column stk-block-column stk-column stk-block stk-ab72bba\" data-v=\"4\" data-block-id=\"ab72bba\"><div class=\"stk-column-wrapper stk-block-column__content stk-container stk-ab72bba-container stk--no-background stk--no-padding\"><div class=\"stk-block-content stk-inner-blocks stk-ab72bba-inner-blocks\">\n<figure class=\"wp-block-image size-large\"><a href=\"https:\/\/www.trefall.com\/tmp\/wp_cameraD_vik\/Anim01.gif\"><img decoding=\"async\" src=\"https:\/\/www.trefall.com\/tmp\/wp_cameraD_vik\/Anim01.gif\" alt=\"\" \/><\/a>\n<figcaption>klikk p\u00e5 bilete for sj\u00e5 st\u00f8rre !<\/figcaption>\n<\/figure>\n\n\n\n<p><\/p>\n\n\n\n<p>(Holo manglar i \u00f8yeblikket)<\/p>\n\n\n\n<p><\/p>\n<\/div><\/div><\/div>\n<\/div><\/div>\n\n\n\n<p><\/p>\n","protected":false},"excerpt":{"rendered":"<p>Trefall-webkameraet er dessverre mykje ute av drift for tida.Det kan difor mangla data. Ellers er dette eit &laquo;sn\u00f8ras kamera&raquo; og kan v\u00e6ra &laquo;stengt for sesongen&raquo;. Ellers har utsnittet vi ser blitt endra fram og tilbake fleire gonger i det siste. Trefallstranda utsnitt 1 Klikk p\u00e5 bilete for \u00e5 g\u00e5 til Vegvesen orginalen Statens Vegvesen sitt &hellip; <a href=\"https:\/\/www.trefall.com\/blog\/nn\/webcam\/\" class=\"more-link\">Hald fram med \u00e5 lese<span class=\"screen-reader-text\"> \u00abwebcam\u00bb<\/span><\/a><\/p>\n","protected":false},"author":1,"featured_media":0,"parent":0,"menu_order":0,"comment_status":"closed","ping_status":"closed","template":"page-wide.php","meta":{"_uag_custom_page_level_css":"","advgb_blocks_editor_width":"","advgb_blocks_columns_visual_guide":"","jetpack_post_was_ever_published":false,"footnotes":""},"featured_image_urls_v2":{"full":"","thumbnail":"","medium":"","medium_large":"","large":"","1536x1536":"","2048x2048":"","post-thumbnail":"","awb_sm":"","awb_md":"","awb_lg":"","awb_xl":""},"post_excerpt_stackable_v2":"<p>Trefall-webkameraet er dessverre mykje ute av drift for tida.Det kan difor mangla data. Ellers er dette eit &laquo;sn\u00f8ras kamera&raquo; og kan v\u00e6ra &laquo;stengt for sesongen&raquo;. Ellers har utsnittet vi ser blitt endra fram og tilbake fleire gonger i det siste. Trefallstranda utsnitt 1 Klikk p\u00e5 bilete for \u00e5 g\u00e5 til Vegvesen orginalen Statens Vegvesen sitt sn\u00f8ras-overv\u00e5knings kamaera for Trefallstranda, utsnitt 1. Trefallstranda utsnitt 2 Klikk p\u00e5 bilete for \u00e5 g\u00e5 til Vegvesen orginalen<\/p>\n","category_list_v2":"","author_info_v2":{"name":"kaare","url":"https:\/\/www.trefall.com\/blog\/author\/kaare\/"},"comments_num_v2":"0 comments","featured_image_src":null,"pbg_featured_image_src":{"full":false,"thumbnail":false,"medium":false,"medium_large":false,"large":false,"1536x1536":false,"2048x2048":false,"post-thumbnail":false,"awb_sm":false,"awb_md":false,"awb_lg":false,"awb_xl":false},"pbg_author_info":{"display_name":"kaare","author_link":"https:\/\/www.trefall.com\/blog\/author\/kaare\/","author_img":false},"pbg_comment_info":" No Comments","pbg_excerpt":"Trefall-webkameraet er dessverre mykje ute av drift for tida.Det kan difor mangla data. Ellers er dette eit &laquo;sn\u00f8ras kamera&raquo; og kan v\u00e6ra &laquo;stengt for sesongen&raquo;. Ellers har utsnittet vi ser blitt endra fram og tilbake fleire gonger i det siste. Trefallstranda utsnitt 1 Klikk p\u00e5 bilete for \u00e5 g\u00e5 til Vegvesen orginalen Statens Vegvesen sitt&hellip;","uagb_featured_image_src":{"full":false,"thumbnail":false,"medium":false,"medium_large":false,"large":false,"1536x1536":false,"2048x2048":false,"post-thumbnail":false,"awb_sm":false,"awb_md":false,"awb_lg":false,"awb_xl":false},"uagb_author_info":{"display_name":"kaare","author_link":"https:\/\/www.trefall.com\/blog\/author\/kaare\/"},"uagb_comment_info":0,"uagb_excerpt":"Trefall-webkameraet er dessverre mykje ute av drift for tida.Det kan difor mangla data. Ellers er dette eit &laquo;sn\u00f8ras kamera&raquo; og kan v\u00e6ra &laquo;stengt for sesongen&raquo;. Ellers har utsnittet vi ser blitt endra fram og tilbake fleire gonger i det siste. Trefallstranda utsnitt 1 Klikk p\u00e5 bilete for \u00e5 g\u00e5 til Vegvesen orginalen Statens Vegvesen sitt&hellip;","coauthors":[],"author_meta":{"author_link":"https:\/\/www.trefall.com\/blog\/author\/kaare\/","display_name":"kaare"},"relative_dates":{"created":"Posted 9 \u00e5r ago","modified":"Updated 4 m\u00e5nader ago"},"absolute_dates":{"created":"Posted on 16. februar 2017","modified":"Updated on 31. desember 2025"},"absolute_dates_time":{"created":"Posted on 16. februar 2017 15:07","modified":"Updated on 31. desember 2025 11:31"},"featured_img_caption":"","featured_img":false,"series_order":"","jetpack_sharing_enabled":true,"jetpack_shortlink":"https:\/\/wp.me\/P7ql8K-pD","_links":{"self":[{"href":"https:\/\/www.trefall.com\/blog\/wp-json\/wp\/v2\/pages\/1589"}],"collection":[{"href":"https:\/\/www.trefall.com\/blog\/wp-json\/wp\/v2\/pages"}],"about":[{"href":"https:\/\/www.trefall.com\/blog\/wp-json\/wp\/v2\/types\/page"}],"author":[{"embeddable":true,"href":"https:\/\/www.trefall.com\/blog\/wp-json\/wp\/v2\/users\/1"}],"replies":[{"embeddable":true,"href":"https:\/\/www.trefall.com\/blog\/wp-json\/wp\/v2\/comments?post=1589"}],"version-history":[{"count":41,"href":"https:\/\/www.trefall.com\/blog\/wp-json\/wp\/v2\/pages\/1589\/revisions"}],"predecessor-version":[{"id":4631,"href":"https:\/\/www.trefall.com\/blog\/wp-json\/wp\/v2\/pages\/1589\/revisions\/4631"}],"wp:attachment":[{"href":"https:\/\/www.trefall.com\/blog\/wp-json\/wp\/v2\/media?parent=1589"}],"curies":[{"name":"wp","href":"https:\/\/api.w.org\/{rel}","templated":true}]}}