{"id":1542,"date":"2017-02-01T20:51:32","date_gmt":"2017-02-01T19:51:32","guid":{"rendered":"http:\/\/trefall.com\/blog\/?page_id=1542"},"modified":"2020-05-10T14:32:53","modified_gmt":"2020-05-10T12:32:53","slug":"familie","status":"publish","type":"page","link":"https:\/\/www.trefall.com\/blog\/nn\/familie\/","title":{"rendered":"Familie"},"content":{"rendered":"","protected":true},"excerpt":{"rendered":"","protected":true},"author":1,"featured_media":0,"parent":0,"menu_order":0,"comment_status":"closed","ping_status":"closed","template":"page-wide.php","meta":{"_uag_custom_page_level_css":"","advgb_blocks_editor_width":"","advgb_blocks_columns_visual_guide":"","jetpack_post_was_ever_published":false,"footnotes":""},"featured_image_urls_v2":{"full":"","thumbnail":"","medium":"","medium_large":"","large":"","1536x1536":"","2048x2048":"","post-thumbnail":"","awb_sm":"","awb_md":"","awb_lg":"","awb_xl":""},"post_excerpt_stackable_v2":"<p>(trykk p\u00e5 bileta for \u00e5 laga dei st\u00f8rre) (heim) Bobiltur Trefall &#8211; Kongsberg juli 2017: P\u00e5 utsida Haukelifjell: P\u00e5 innsida Oddlaug og Luna: Luftetur: Luna framme i Kongsberg: &nbsp; Kjekk tur p\u00e5 &laquo;familie hytta&raquo; p\u00e5 Golsfjellet siste helga i januar 2017: &nbsp; Kjekt vinterferie bes\u00f8k til Kongsberg 2017:<\/p>\n","category_list_v2":"","author_info_v2":{"name":"kaare","url":"https:\/\/www.trefall.com\/blog\/author\/kaare\/"},"comments_num_v2":"0 comments","featured_image_src":null,"pbg_featured_image_src":{"full":false,"thumbnail":false,"medium":false,"medium_large":false,"large":false,"1536x1536":false,"2048x2048":false,"post-thumbnail":false,"awb_sm":false,"awb_md":false,"awb_lg":false,"awb_xl":false},"pbg_author_info":{"display_name":"kaare","author_link":"https:\/\/www.trefall.com\/blog\/author\/kaare\/","author_img":false},"pbg_comment_info":" No Comments","pbg_excerpt":"Det finst ingen utdrag, fordi innlegget er verna.","uagb_featured_image_src":{"full":false,"thumbnail":false,"medium":false,"medium_large":false,"large":false,"1536x1536":false,"2048x2048":false,"post-thumbnail":false,"awb_sm":false,"awb_md":false,"awb_lg":false,"awb_xl":false},"uagb_author_info":{"display_name":"kaare","author_link":"https:\/\/www.trefall.com\/blog\/author\/kaare\/"},"uagb_comment_info":0,"uagb_excerpt":"Det finst ingen utdrag, fordi innlegget er verna.","coauthors":[],"author_meta":{"author_link":"https:\/\/www.trefall.com\/blog\/author\/kaare\/","display_name":"kaare"},"relative_dates":{"created":"Posted 9 \u00e5r ago","modified":"Updated 6 \u00e5r ago"},"absolute_dates":{"created":"Posted on 1. februar 2017","modified":"Updated on 10. mai 2020"},"absolute_dates_time":{"created":"Posted on 1. februar 2017 20:51","modified":"Updated on 10. mai 2020 14:32"},"featured_img_caption":"","featured_img":false,"series_order":"","jetpack_sharing_enabled":true,"jetpack_shortlink":"https:\/\/wp.me\/P7ql8K-oS","_links":{"self":[{"href":"https:\/\/www.trefall.com\/blog\/wp-json\/wp\/v2\/pages\/1542"}],"collection":[{"href":"https:\/\/www.trefall.com\/blog\/wp-json\/wp\/v2\/pages"}],"about":[{"href":"https:\/\/www.trefall.com\/blog\/wp-json\/wp\/v2\/types\/page"}],"author":[{"embeddable":true,"href":"https:\/\/www.trefall.com\/blog\/wp-json\/wp\/v2\/users\/1"}],"replies":[{"embeddable":true,"href":"https:\/\/www.trefall.com\/blog\/wp-json\/wp\/v2\/comments?post=1542"}],"version-history":[{"count":0,"href":"https:\/\/www.trefall.com\/blog\/wp-json\/wp\/v2\/pages\/1542\/revisions"}],"wp:attachment":[{"href":"https:\/\/www.trefall.com\/blog\/wp-json\/wp\/v2\/media?parent=1542"}],"curies":[{"name":"wp","href":"https:\/\/api.w.org\/{rel}","templated":true}]}}