{"id":1133,"date":"2016-09-18T13:30:08","date_gmt":"2016-09-18T11:30:08","guid":{"rendered":"http:\/\/trefall.com\/blog\/?page_id=1133"},"modified":"2023-08-09T20:22:53","modified_gmt":"2023-08-09T18:22:53","slug":"kvitanosi","status":"publish","type":"page","link":"https:\/\/www.trefall.com\/blog\/nn\/historie\/kvitanosi\/","title":{"rendered":"Kvitanosi"},"content":{"rendered":"\r\n<div class=\"wp-block-image\"><figure class=\"alignleft is-resized\"><img loading=\"lazy\" decoding=\"async\" src=\"\/wordpress\/wp-content\/uploads\/2019\/11\/CondorStamp1.png\" alt=\"\" class=\"wp-image-3145\" width=\"245\" height=\"205\" srcset=\"https:\/\/www.trefall.com\/wordpress\/wp-content\/uploads\/2019\/11\/CondorStamp1.png 1000w, https:\/\/www.trefall.com\/wordpress\/wp-content\/uploads\/2019\/11\/CondorStamp1-768x647.png 768w, https:\/\/www.trefall.com\/wordpress\/wp-content\/uploads\/2019\/11\/CondorStamp1-500x421.png 500w, https:\/\/www.trefall.com\/wordpress\/wp-content\/uploads\/2019\/11\/CondorStamp1-800x674.png 800w\" sizes=\"(max-width: 245px) 85vw, 245px\" \/><\/figure><\/div>\r\n\r\n\r\n\r\n<p><em>Denne historia starta kl. 22 om kvelden 3. juledag 1942 p\u00e5 fjellet Kvitanosi, i Voss kommune, Hordaland fylke, Noreg. Eit stort tysk firemotors fly av type Focke Wulf 200C-4 Condor flaug seg vill etter eit rekognoseringstokt over Nordsj\u00f8en. Det skulle landa p\u00e5 V\u00e6rnes ved Trondheim, men var p\u00e5 grunn av uver omdirigert til Sola ved Stavanger. S\u00e5 flaug det 50 meter for l\u00e5gt i sn\u00f8stormen og small i fjellet Kvitanosi. Fire omkom, to overlevde.<\/em><\/p>\r\n\r\n\r\n\r\n<p><em>Mang ein turg\u00e5ar har dei neste 62 \u00e5ra hatt flyet p\u00e5 Kvitanosi som eit kj\u00e6rt turm\u00e5l. S\u00e5 starta ei ny tidsrekning. Eit museum i Berlin kastar augene sine p\u00e5 flyvraket. No ville dei ha det til bruk i restaureringa av et eksemplar av ein Condor. Det einaste i verda.<\/em><\/p>\r\n\r\n\r\n\r\n<p><em>Lokalbefolkinga protesterte. Flyvraket blei mellombels freda. Avtale med det tyske museet vart inng\u00e5tt. 67 \u00e5r etter det sist flaug, var det i lufta igjen. No med helikopter-hjelp til B\u00f8moen ved Voss. S\u00e5 vidare p\u00e5 trailer til Bremen i Tyskland, der Airbus har ein stor fabrikk. Hovudrestaureringa skjer her. Pensjonerte flybyggjarar gjer n\u00f8ye arbeid.<\/em><\/p>\r\n\r\n\r\n\r\n<p><script type=\"text\/javascript\"><br \/>\r\nvar pixelRatio = window.devicePixelRatio || 1;<br \/>\r\nif(window.innerWidth\/pixelRatio < 641 ) {\r\n  easy_fancybox_handler = null;\r\n};\r\n<\/script><\/p>\r\n\r\n\r\n\r\n<p>Lenk til <a href=\"\/kvitanosi\/\" target=\"_blank\" rel=\"noreferrer noopener\" aria-label=\" (opens in a new tab)\">den orginale Kvitenosi sida<\/a>. <\/p>\r\n\r\n\r\n\r\n<p>Lenk til <a rel=\"noopener noreferrer\" href=\"https:\/\/www.norgeskart.no\/#!?\r\nzoom=16&amp;lon=23949.00&amp;lat=6769922.00&amp;project=seeiendom&amp;layers=1003,1014#16%25252525252F23949%25252525252F6769922%25252525252F-land%25252525252F+flybilder%25252525252F+Fotrute%25252525252F+embed.box%25252525252Fm%25252525252F23949.054%25252525252F6769922.743%25252525252FFlyvraket%252525252520p%2525252525C3%2525252525A5%252525252520Kvitanosi&amp;&amp;drawing=42539ccc7f30218e0ffcf651ccc3979309ff5112\" target=\"_blank\">kart\/flyfoto av vraket<\/a>.<\/p>\r\n\r\n\r\n\n\r\n\r\n\r\n<a class=\"fancybox-iframe\" rel=\"noopener noreferrer\" href=\"\/xml\/parser.php?xml=\/xml\/kvitanosi.xml+xsl=\/xml\/main.xsl+lang=no+css=\/xml\/main.css+cclass=printable+id=nosi1index0020+view=\" target=\"_blank\">Dramatisering av hende<\/a>\r\n\r\n\r\n\n\r\n\r\n\n\r\n\r\n\r\n<div class=\"wp-block-image\"><figure class=\"aligncenter\"><img loading=\"lazy\" decoding=\"async\" width=\"412\" height=\"96\" src=\"\/wordpress\/wp-content\/uploads\/2019\/11\/fw200small.gif\" alt=\"\" class=\"wp-image-3152\"\/><\/figure><\/div>\r\n\r\n\r\n\r\n<hr class=\"wp-block-separator\"\/>\r\n\r\n\r\n\r\n<p>Historia rundt Kvitanosi flystyrten er kanskje det hende eg har lagt ut mest stoff om, og som f.eks <a rel=\"noopener noreferrer\" href=\"https:\/\/en.wikipedia.org\/wiki\/Focke-Wulf_Fw_200_Condor\" target=\"_blank\">Focke-Wulf Fw200 Condor<\/a> wikipedia-sida (<a rel=\"noopener noreferrer\" href=\"https:\/\/no.wikipedia.org\/wiki\/Focke-Wulf_Fw_200\" target=\"_blank\">norsk<\/a>) brukar som referanse. S\u00e5&nbsp;sj\u00f8lvsagt m\u00e5 det dukka opp Kvitanosi stoff ogs\u00e5 p\u00e5 desse nye sidene. P\u00e5 <a href=\"\/kvitanosi\/\" target=\"_blank\" rel=\"noreferrer noopener\" aria-label=\" (opens in a new tab)\">den orginale Kvitenosi sida<\/a> vil du finne informasjon om flystyrten p\u00e5 Kvitanosi 27. desember 1942 som eg har samla over mange \u00e5r.<\/p>\r\n\r\n\r\n\r\n<div class=\"wp-block-image\"><figure class=\"alignright is-resized\"><a href=\"https:\/\/trefall.com\/wordpress\/wp-content\/uploads\/2019\/11\/restaureringsbilde.jpg\"><img loading=\"lazy\" decoding=\"async\" src=\"\/wordpress\/wp-content\/uploads\/2019\/11\/restaureringsbilde.jpg\" alt=\"\" class=\"wp-image-3224\" width=\"386\" height=\"258\" srcset=\"https:\/\/www.trefall.com\/wordpress\/wp-content\/uploads\/2019\/11\/restaureringsbilde.jpg 1023w, https:\/\/www.trefall.com\/wordpress\/wp-content\/uploads\/2019\/11\/restaureringsbilde-300x201.jpg 300w, https:\/\/www.trefall.com\/wordpress\/wp-content\/uploads\/2019\/11\/restaureringsbilde-768x514.jpg 768w, https:\/\/www.trefall.com\/wordpress\/wp-content\/uploads\/2019\/11\/restaureringsbilde-500x335.jpg 500w, https:\/\/www.trefall.com\/wordpress\/wp-content\/uploads\/2019\/11\/restaureringsbilde-800x536.jpg 800w, https:\/\/www.trefall.com\/wordpress\/wp-content\/uploads\/2019\/11\/restaureringsbilde-600x400.jpg 600w\" sizes=\"(max-width: 386px) 85vw, 386px\" \/><\/a><figcaption> 2010 bes\u00f8k p\u00e5 Condor restaurerings staden hos Airbus i Bremen. Fr\u00e5 venstre Heiko Triech, Stein Ottosen, Egil Christophersen (\u00f8verst), Svein-Aage Knudsen, Kaare Trefall og Echart Wudke. <\/figcaption><\/figure><\/div>\r\n\r\n\r\n\n\r\n\r\n\r\nNytt stoff vil koma her, og kan f.eks v\u00e6ra om skjebnen til <a class=\"fancybox-iframe\" rel=\"noopener noreferrer\" href=\"\/xml\/parser.php?xml=\/xml\/kvitanosi.xml+xsl=\/xml\/main.xsl+lang=no+css=\/xml\/main.css+cclass=printable+id=utstilling001+view=\" target=\"_blank\">vandreutstillinga<\/a> (bruk denne <a href=\"\/xml\/parser.php?xml=\/xml\/kvitanosi.xml+xsl=\/xml\/main.xsl+lang=no+css=\/xml\/main.css+cclass=printable+id=utstilling001+view=\" target=\"_blank\" rel=\"noopener noreferrer\">lenken<\/a> om du vil klikke og forst\u00f8rre bilete).\r\n\r\n\r\n\n\r\n\r\n\n\r\n\r\n\r\n<p>Kanskje dukkar den opp som permanent-utstilling i Eksingedalen?<\/p>\r\n\r\n\r\n\r\n<p>(for test: np-nt-nd-)<\/p>\r\n\r\n\r\n\r\n<center>\r\n<p>&nbsp;<\/p>\r\n<hr style=\"width: 50%;\">\r\n<p>&nbsp;<\/p>\r\n<p style=\"font-size: 75%;\">Denne sida blei sist endra <span class=\"last-modified-timestamp\">aug 9, 2023 @ 20:22<\/span> - Copyright \u00a9 kaare@trefall.com 2023<\/p>\r\n<p>&nbsp;<\/p>\r\n<\/center>\r\n","protected":false},"excerpt":{"rendered":"<p>Denne historia starta kl. 22 om kvelden 3. juledag 1942 p\u00e5 fjellet Kvitanosi, i Voss kommune, Hordaland fylke, Noreg. Eit stort tysk firemotors fly av type Focke Wulf 200C-4 Condor flaug seg vill etter eit rekognoseringstokt over Nordsj\u00f8en. Det skulle landa p\u00e5 V\u00e6rnes ved Trondheim, men var p\u00e5 grunn av uver omdirigert til Sola ved &hellip; <a href=\"https:\/\/www.trefall.com\/blog\/nn\/historie\/kvitanosi\/\" class=\"more-link\">Hald fram med \u00e5 lese<span class=\"screen-reader-text\"> \u00abKvitanosi\u00bb<\/span><\/a><\/p>\n","protected":false},"author":1,"featured_media":0,"parent":1129,"menu_order":0,"comment_status":"closed","ping_status":"closed","template":"","meta":{"_uag_custom_page_level_css":"","advgb_blocks_editor_width":"","advgb_blocks_columns_visual_guide":"","jetpack_post_was_ever_published":false,"footnotes":""},"featured_image_urls_v2":{"full":"","thumbnail":"","medium":"","medium_large":"","large":"","1536x1536":"","2048x2048":"","post-thumbnail":"","awb_sm":"","awb_md":"","awb_lg":"","awb_xl":""},"post_excerpt_stackable_v2":"<p>Denne historia starta kl. 22 om kvelden 3. juledag 1942 p\u00e5 fjellet Kvitanosi, i Voss kommune, Hordaland fylke, Noreg. Eit stort tysk firemotors fly av type Focke Wulf 200C-4 Condor flaug seg vill etter eit rekognoseringstokt over Nordsj\u00f8en. Det skulle landa p\u00e5 V\u00e6rnes ved Trondheim, men var p\u00e5 grunn av uver omdirigert til Sola ved Stavanger. S\u00e5 flaug det 50 meter for l\u00e5gt i sn\u00f8stormen og small i fjellet Kvitanosi. Fire omkom, to overlevde. Mang ein turg\u00e5ar har dei neste 62 \u00e5ra hatt flyet p\u00e5 Kvitanosi som eit kj\u00e6rt turm\u00e5l. S\u00e5 starta ei ny tidsrekning. Eit museum i Berlin kastar&hellip;<\/p>\n","category_list_v2":"","author_info_v2":{"name":"kaare","url":"https:\/\/www.trefall.com\/blog\/author\/kaare\/"},"comments_num_v2":"0 comments","featured_image_src":null,"pbg_featured_image_src":{"full":false,"thumbnail":false,"medium":false,"medium_large":false,"large":false,"1536x1536":false,"2048x2048":false,"post-thumbnail":false,"awb_sm":false,"awb_md":false,"awb_lg":false,"awb_xl":false},"pbg_author_info":{"display_name":"kaare","author_link":"https:\/\/www.trefall.com\/blog\/author\/kaare\/","author_img":false},"pbg_comment_info":" No Comments","pbg_excerpt":"Denne historia starta kl. 22 om kvelden 3. juledag 1942 p\u00e5 fjellet Kvitanosi, i Voss kommune, Hordaland fylke, Noreg. Eit stort tysk firemotors fly av type Focke Wulf 200C-4 Condor flaug seg vill etter eit rekognoseringstokt over Nordsj\u00f8en. Det skulle landa p\u00e5 V\u00e6rnes ved Trondheim, men var p\u00e5 grunn av uver omdirigert til Sola ved&hellip;","uagb_featured_image_src":{"full":false,"thumbnail":false,"medium":false,"medium_large":false,"large":false,"1536x1536":false,"2048x2048":false,"post-thumbnail":false,"awb_sm":false,"awb_md":false,"awb_lg":false,"awb_xl":false},"uagb_author_info":{"display_name":"kaare","author_link":"https:\/\/www.trefall.com\/blog\/author\/kaare\/"},"uagb_comment_info":0,"uagb_excerpt":"Denne historia starta kl. 22 om kvelden 3. juledag 1942 p\u00e5 fjellet Kvitanosi, i Voss kommune, Hordaland fylke, Noreg. Eit stort tysk firemotors fly av type Focke Wulf 200C-4 Condor flaug seg vill etter eit rekognoseringstokt over Nordsj\u00f8en. Det skulle landa p\u00e5 V\u00e6rnes ved Trondheim, men var p\u00e5 grunn av uver omdirigert til Sola ved&hellip;","coauthors":[],"author_meta":{"author_link":"https:\/\/www.trefall.com\/blog\/author\/kaare\/","display_name":"kaare"},"relative_dates":{"created":"Posted 10 \u00e5r ago","modified":"Updated 3 \u00e5r ago"},"absolute_dates":{"created":"Posted on 18. september 2016","modified":"Updated on 9. august 2023"},"absolute_dates_time":{"created":"Posted on 18. september 2016 13:30","modified":"Updated on 9. august 2023 20:22"},"featured_img_caption":"","featured_img":false,"series_order":"","jetpack_sharing_enabled":true,"jetpack_shortlink":"https:\/\/wp.me\/P7ql8K-ih","_links":{"self":[{"href":"https:\/\/www.trefall.com\/blog\/wp-json\/wp\/v2\/pages\/1133"}],"collection":[{"href":"https:\/\/www.trefall.com\/blog\/wp-json\/wp\/v2\/pages"}],"about":[{"href":"https:\/\/www.trefall.com\/blog\/wp-json\/wp\/v2\/types\/page"}],"author":[{"embeddable":true,"href":"https:\/\/www.trefall.com\/blog\/wp-json\/wp\/v2\/users\/1"}],"replies":[{"embeddable":true,"href":"https:\/\/www.trefall.com\/blog\/wp-json\/wp\/v2\/comments?post=1133"}],"version-history":[{"count":2,"href":"https:\/\/www.trefall.com\/blog\/wp-json\/wp\/v2\/pages\/1133\/revisions"}],"predecessor-version":[{"id":3908,"href":"https:\/\/www.trefall.com\/blog\/wp-json\/wp\/v2\/pages\/1133\/revisions\/3908"}],"up":[{"embeddable":true,"href":"https:\/\/www.trefall.com\/blog\/wp-json\/wp\/v2\/pages\/1129"}],"wp:attachment":[{"href":"https:\/\/www.trefall.com\/blog\/wp-json\/wp\/v2\/media?parent=1133"}],"curies":[{"name":"wp","href":"https:\/\/api.w.org\/{rel}","templated":true}]}}