{"id":1129,"date":"2016-09-18T13:19:53","date_gmt":"2016-09-18T11:19:53","guid":{"rendered":"http:\/\/trefall.com\/blog\/?page_id=1129"},"modified":"2020-04-28T21:38:19","modified_gmt":"2020-04-28T19:38:19","slug":"historie","status":"publish","type":"page","link":"https:\/\/www.trefall.com\/blog\/nn\/historie\/","title":{"rendered":"Historie"},"content":{"rendered":"\n<div class=\"wp-block-image\"><figure class=\"alignleft is-resized\"><img loading=\"lazy\" decoding=\"async\" src=\"\/wordpress\/wp-content\/uploads\/2019\/11\/IMG_0245.png\" alt=\"\" class=\"wp-image-3182\" width=\"276\" height=\"175\"\/><\/figure><\/div>\n\n\n\n<p>Eg har alltid vore fasinert av historie og lokalhistorie.<\/p>\n\n\n\n<p>Eit tema eg har leika meg litt med er historia om dei som p\u00e5 1800 talet utvandra fr\u00e5 det fattige dalf\u00f8ret Eksingedalen til det lova landet &laquo;over there&raquo;, Amerika. Her er mykje spanande \u00e5 ta fatt i. Som om <a rel=\"noreferrer noopener\" aria-label=\"folk drept av indianarane (opens in a new tab)\" href=\"https:\/\/www.trefall.com\/xml\/parser.php?xml=\/xml\/utvandring.xml+xsl=\/xml\/main.xsl+lang=no+css=\/xml\/main.css+cclass=trefall2MODjornevik+id=usa1index0050120+view=\" target=\"_blank\">folk drept av indianarane<\/a>, og som historien om <a class=\"fancybox-iframe\" rel=\"noopener noreferrer\" href=\"https:\/\/www.trefall.com\/xml\/parser.php?xml=\/xml\/nesheimkyrkja.xml+xsl=\/xml\/main.xsl+lang=no+css=\/xml\/main.css+cclass=printable+id=Gulleik+view=\" target=\"_blank\">Gulleik G\u00e5vegjevar<\/a> som fekk sett i gong bygginga av Nesheimskyrkja. Meir og utdjupande stoff fr\u00e5 utvandtingshistoria vil kome. Noko av stoffet fr\u00e5 <a rel=\"noopener noreferrer\" href=\"\/utvandring\/\" target=\"_blank\">&laquo;gamle-sida&raquo;<\/a>vil dukke opp her, d\u00e5 med ny drakt og med tileggstoff, som familiekart, geografiske kart, osv. Eit eksempel p\u00e5 dette er artikkelen om <a href=\"https:\/\/trefall.com\/blog\/nn\/2016\/05\/17\/pastor-ekse\/\">Jakob Jakobson Ekse<\/a>.<\/p>\n\n\n\n<div class=\"wp-block-image\"><figure class=\"alignright is-resized\"><a href=\"https:\/\/trefall.com\/wordpress\/wp-content\/uploads\/2019\/02\/44811586-1CF8-4EA9-B3F7-951ECF372FA7.jpeg\"><img loading=\"lazy\" decoding=\"async\" src=\"\/wordpress\/wp-content\/uploads\/2019\/02\/44811586-1CF8-4EA9-B3F7-951ECF372FA7.jpeg\" alt=\"\" class=\"wp-image-2332\" width=\"220\" height=\"296\" srcset=\"https:\/\/www.trefall.com\/wordpress\/wp-content\/uploads\/2019\/02\/44811586-1CF8-4EA9-B3F7-951ECF372FA7.jpeg 634w, https:\/\/www.trefall.com\/wordpress\/wp-content\/uploads\/2019\/02\/44811586-1CF8-4EA9-B3F7-951ECF372FA7-223x300.jpeg 223w\" sizes=\"(max-width: 220px) 85vw, 220px\" \/><\/a><\/figure><\/div>\n\n\n\n<p>Eit anna tema eg har jobba med er krigshistorie fr\u00e5 lokalomr\u00e5de, og d\u00e5 mest om flystyrten p\u00e5 Kvitanosi romjola 1942.<\/p>\n\n\n\n<p>Men det finns mykje anna spennande \u00e5 ta fram. Som d\u00e5 diktaren og friluftsmannen <a href=\"https:\/\/no.wikipedia.org\/wiki\/Theodor_Caspari\" target=\"_blank\" rel=\"noreferrer noopener\">Theodor Caspari<\/a> (1853-1948) gjekk fr\u00e5 Evanger via \u00f8vre Eksingedalen og over til Arnafjord i 1919 med Knut Ekse som kjendtmann. Der kjem han med ein fasinerande beskrivelse av folket, naturen og levevilk\u00e5ra p\u00e5 den tida.<\/p>\n\n\n\n<div class=\"wp-block-ugb-spacer ugb-spacer ugb-90741d0 ugb-spacer--v2 ugb-main-block\" id=\"\"><div class=\"ugb-inner-block\"><div class=\"ugb-block-content\"><div class=\"ugb-spacer--inner\"><\/div><\/div><\/div><\/div>\n\n\n\n<h3 class=\"wp-block-heading\">Sider med historiestoff:<\/h3>\n\n\n\n<!-- Page-list plugin v.5.9 wordpress.org\/plugins\/page-list\/ -->\n<ul class=\"page-list subpages-page-list \">\n<li class=\"page_item page-item-4125\"><a href=\"https:\/\/www.trefall.com\/blog\/nn\/historie\/historiar-fra-eksingedalen\/\">Historiar fr\u00e5 Eksingedalen<\/a><\/li>\n<li class=\"page_item page-item-1133\"><a href=\"https:\/\/www.trefall.com\/blog\/nn\/historie\/kvitanosi\/\">Kvitanosi<\/a><\/li>\n<li class=\"page_item page-item-4020\"><a href=\"https:\/\/www.trefall.com\/blog\/nn\/historie\/snovinteren-1962\/\">Sn\u00f8vinteren 1962<\/a><\/li>\n<li class=\"page_item page-item-193\"><a href=\"https:\/\/www.trefall.com\/blog\/nn\/historie\/utvandring\/\">Utvandring<\/a><\/li>\n\n<\/ul>\n\n\n\n<h3 class=\"wp-block-heading\">Inlegg med historiestoff<\/h3>\n\n\n<h3>- fr\u00e5 dalens historie<\/h3><ul class=\"lcp_catlist\" id=\"lcp_instance_0\"><li><a href=\"https:\/\/www.trefall.com\/blog\/nn\/bonebrev-om-veg\/\">B\u00f8nebrev om veg i \u00f8vre Eksingedalen<\/a><div class=\"lcp_excerpt\">\n\n\n\nHer kjem nummer to av Theodor Caspari sine artiklar om Eksingedalen.\u00a0Fra Eksingedalen i Nordhordland\u00a0sto p\u00e5 trykk i Aftenposten 29ende juli 1920. Nummer ein, reiseskildringa I Hordaland i en snever dal, sto i Aftenposten eit \u00e5r tidligare.\n\n\nDette er Knut Ekse sitt b\u00f8nebrev til Stortinget, der han p\u00e5 eigne og sambygdingars vegne ber om midlar til bygging ...<\/div><a href=\"https:\/\/www.trefall.com\/blog\/nn\/bonebrev-om-veg\/\"> les meir<\/a><\/li><li><a href=\"https:\/\/www.trefall.com\/blog\/nn\/ekisingedalen-1918\/\">Ekisingedalen 1918<\/a><div class=\"lcp_excerpt\">Eksingedalen 1918, i dag for 106 \u00e5r sidan, Bergens Tidende s\u00f8ndag 3. mars 1918 (oversikt)\nBilete: faksimile fr\u00e5 Bergens Tidende.\nInnleiing:\n\u201cEg vart baade undren og ille ved paa turen uppetter til Gulbraa i sumar, eg h\u00f8yrde riksingi av eit handorgel i ei stova paa ein av \u00f8vste gardarne. Aaa, sende det paa elvi ein gong ho er ...<\/div><a href=\"https:\/\/www.trefall.com\/blog\/nn\/ekisingedalen-1918\/\"> les meir<\/a><\/li><li><a href=\"https:\/\/www.trefall.com\/blog\/nn\/eksingedalen-anno-1887\/\">Eksingedalen anno 1887<\/a><div class=\"lcp_excerpt\">\n\nOmtrent 1 Mil i Nord for Teigdalen ligger Eksingedalen. Er der trangt og vildt i Teigdalen, med daarlige F\u00e6rdselsveie og sparsomme N\u00e6ringskilder, saa er alt dette i endnu h\u00f8iere Grad s\u00e6regent for Eksingedalen. Kun den, der fra Barnsben af er vant med saadanne Omgivelser og saadanne Livsforholde, kan leve og befinde sig vel paa saadanne ...<\/div><a href=\"https:\/\/www.trefall.com\/blog\/nn\/eksingedalen-anno-1887\/\"> les meir<\/a><\/li><li><a href=\"https:\/\/www.trefall.com\/blog\/nn\/i-hordaland-i-en-snever-dal\/\">I Hordaland i en snever dal<\/a><div class=\"lcp_excerpt\">\n\nEksinged\u00f8ler og Tyd\u00f8ler.\u00a0\u00a0For 100 \u00e5r sidan skriv diktaren og friluftsmannen Theodor Caspari (1853-1948) om\u00a0eksinged\u00f8len:&laquo;\u00c6rligere og elskv\u00e6rdigere bondefolk har jeg ikke truffet i Norge, det skulde da v\u00e6re i Tydalen opunder svenskegrensen. Og gjestfriheden! Det er som at settes hele 50 \u00e5r tilbage i tiden.&raquo;Denne erfaringa skriv han om under overskrifta &laquo;I Hordaland i en snever ...<\/div><a href=\"https:\/\/www.trefall.com\/blog\/nn\/i-hordaland-i-en-snever-dal\/\"> les meir<\/a><\/li><\/ul>\n\n\n<h3>- utvandrar historie<\/h3><ul class=\"lcp_catlist\" id=\"lcp_instance_0\"><li><a href=\"https:\/\/www.trefall.com\/blog\/nn\/pastor-ekse\/\">Pastor Ekse<\/a><div class=\"lcp_excerpt\">\nI Vossingen nr. 4 1923 st\u00e5r \u00e5 lesa:Pastor J J Ekse fra Amerika predigede s\u00f8ndag 18de aug i Evanger kirke, i hvilken han var d\u00f8bt. S\u00f8ndag den 2den september predikede han i Nesheim kapel, Eksingedalen.\n\n\nDenne artikkelen er henta uendra fr\u00e5 www.trefall.com\/utvandring. Nytt er imidlertid tilleggsdata som kart, familiekart, og kjelder, sj\u00f8lv om dei i \u00f8yeblikket ...<\/div><a href=\"https:\/\/www.trefall.com\/blog\/nn\/pastor-ekse\/\"> les meir<\/a><\/li><\/ul>\n\n\n\n<p>(<a href=\"\/blog\/nn\/trefallsida\/\">Heim<\/a>)<\/p>\n<style class=\"advgb-styles-renderer\">.ugb-90741d0.ugb-spacer{height:50px}<\/style>","protected":false},"excerpt":{"rendered":"<p>Eg har alltid vore fasinert av historie og lokalhistorie. Eit tema eg har leika meg litt med er historia om dei som p\u00e5 1800 talet utvandra fr\u00e5 det fattige dalf\u00f8ret Eksingedalen til det lova landet &laquo;over there&raquo;, Amerika. Her er mykje spanande \u00e5 ta fatt i. Som om folk drept av indianarane, og som historien &hellip; <a href=\"https:\/\/www.trefall.com\/blog\/nn\/historie\/\" class=\"more-link\">Hald fram med \u00e5 lese<span class=\"screen-reader-text\"> \u00abHistorie\u00bb<\/span><\/a><\/p>\n","protected":false},"author":1,"featured_media":0,"parent":0,"menu_order":0,"comment_status":"closed","ping_status":"closed","template":"page-wide.php","meta":{"_uag_custom_page_level_css":"","advgb_blocks_editor_width":"","advgb_blocks_columns_visual_guide":"","jetpack_post_was_ever_published":false,"footnotes":""},"featured_image_urls_v2":{"full":"","thumbnail":"","medium":"","medium_large":"","large":"","1536x1536":"","2048x2048":"","post-thumbnail":"","awb_sm":"","awb_md":"","awb_lg":"","awb_xl":""},"post_excerpt_stackable_v2":"<p>Eg har alltid vore fasinert av historie og lokalhistorie. Eit tema eg har leika meg litt med er historia om dei som p\u00e5 1800 talet utvandra fr\u00e5 det fattige dalf\u00f8ret Eksingedalen til det lova landet &laquo;over there&raquo;, Amerika. Her er mykje spanande \u00e5 ta fatt i. Som om folk drept av indianarane, og som historien om Gulleik G\u00e5vegjevar som fekk sett i gong bygginga av Nesheimskyrkja. Meir og utdjupande stoff fr\u00e5 utvandtingshistoria vil kome. Noko av stoffet fr\u00e5 &laquo;gamle-sida&raquo;vil dukke opp her, d\u00e5 med ny drakt og med tileggstoff, som familiekart, geografiske kart, osv. Eit eksempel p\u00e5 dette er artikkelen&hellip;<\/p>\n","category_list_v2":"","author_info_v2":{"name":"kaare","url":"https:\/\/www.trefall.com\/blog\/author\/kaare\/"},"comments_num_v2":"0 comments","featured_image_src":null,"pbg_featured_image_src":{"full":false,"thumbnail":false,"medium":false,"medium_large":false,"large":false,"1536x1536":false,"2048x2048":false,"post-thumbnail":false,"awb_sm":false,"awb_md":false,"awb_lg":false,"awb_xl":false},"pbg_author_info":{"display_name":"kaare","author_link":"https:\/\/www.trefall.com\/blog\/author\/kaare\/","author_img":false},"pbg_comment_info":" No Comments","pbg_excerpt":"Eg har alltid vore fasinert av historie og lokalhistorie. Eit tema eg har leika meg litt med er historia om dei som p\u00e5 1800 talet utvandra fr\u00e5 det fattige dalf\u00f8ret Eksingedalen til det lova landet &laquo;over there&raquo;, Amerika. Her er mykje spanande \u00e5 ta fatt i. Som om folk drept av indianarane, og som historien&hellip;","uagb_featured_image_src":{"full":false,"thumbnail":false,"medium":false,"medium_large":false,"large":false,"1536x1536":false,"2048x2048":false,"post-thumbnail":false,"awb_sm":false,"awb_md":false,"awb_lg":false,"awb_xl":false},"uagb_author_info":{"display_name":"kaare","author_link":"https:\/\/www.trefall.com\/blog\/author\/kaare\/"},"uagb_comment_info":0,"uagb_excerpt":"Eg har alltid vore fasinert av historie og lokalhistorie. Eit tema eg har leika meg litt med er historia om dei som p\u00e5 1800 talet utvandra fr\u00e5 det fattige dalf\u00f8ret Eksingedalen til det lova landet &laquo;over there&raquo;, Amerika. Her er mykje spanande \u00e5 ta fatt i. Som om folk drept av indianarane, og som historien&hellip;","coauthors":[],"author_meta":{"author_link":"https:\/\/www.trefall.com\/blog\/author\/kaare\/","display_name":"kaare"},"relative_dates":{"created":"Posted 10 \u00e5r ago","modified":"Updated 6 \u00e5r ago"},"absolute_dates":{"created":"Posted on 18. september 2016","modified":"Updated on 28. april 2020"},"absolute_dates_time":{"created":"Posted on 18. september 2016 13:19","modified":"Updated on 28. april 2020 21:38"},"featured_img_caption":"","featured_img":false,"series_order":"","jetpack_sharing_enabled":true,"jetpack_shortlink":"https:\/\/wp.me\/P7ql8K-id","_links":{"self":[{"href":"https:\/\/www.trefall.com\/blog\/wp-json\/wp\/v2\/pages\/1129"}],"collection":[{"href":"https:\/\/www.trefall.com\/blog\/wp-json\/wp\/v2\/pages"}],"about":[{"href":"https:\/\/www.trefall.com\/blog\/wp-json\/wp\/v2\/types\/page"}],"author":[{"embeddable":true,"href":"https:\/\/www.trefall.com\/blog\/wp-json\/wp\/v2\/users\/1"}],"replies":[{"embeddable":true,"href":"https:\/\/www.trefall.com\/blog\/wp-json\/wp\/v2\/comments?post=1129"}],"version-history":[{"count":0,"href":"https:\/\/www.trefall.com\/blog\/wp-json\/wp\/v2\/pages\/1129\/revisions"}],"wp:attachment":[{"href":"https:\/\/www.trefall.com\/blog\/wp-json\/wp\/v2\/media?parent=1129"}],"curies":[{"name":"wp","href":"https:\/\/api.w.org\/{rel}","templated":true}]}}