{"id":1069,"date":"2016-09-14T20:56:23","date_gmt":"2016-09-14T18:56:23","guid":{"rendered":"http:\/\/trefall.com\/blog\/?page_id=1069"},"modified":"2024-12-12T18:02:57","modified_gmt":"2024-12-12T17:02:57","slug":"geografi","status":"publish","type":"page","link":"https:\/\/www.trefall.com\/blog\/nn\/geografi\/","title":{"rendered":"Geografi"},"content":{"rendered":"<div class=\"wp-block-image\">\n<figure class=\"alignleft is-resized\"><img loading=\"lazy\" decoding=\"async\" width=\"270\" height=\"184\" src=\"\/wordpress\/wp-content\/uploads\/2019\/11\/IMG_0179.png\" alt=\"\" class=\"wp-image-3170\" style=\"width:198px;height:135px\"\/><\/figure><\/div>\n\n<div class=\"simplePullQuote right\"><p style=\"font-size: 80%\">Det karakteristiske ved naturen i den <a href=\"https:\/\/trefall.com\/blog\/nn\/i-hordaland-i-en-snever-dal\/\" target=\"_blank\" rel=\"noopener noreferrer\">\u00f8vre delen av Eksingedalen <\/a> er den utspekulerte underfundight, hvormed fjeldet legger hindringer i veien for menneskelig bebyggelse.<br \/>(Theodor Caspari &#8211; 1919)<\/p>\n<\/div>\n\n\n\n<p>Her kart fr\u00e5 1816 over \u00f8vre del av Exingedalen tilh\u00f8yrande det &laquo;Wossiske Compagnie District af Bergenhusiske Skarpskytterbataljon&raquo; under &laquo;Norske J\u00e6gerkorps&raquo;. I dette kartet har det g\u00e5tt litt i ball n\u00e5r det gjeld plassering av gardane N\u00e6sheim, Brakestad og Tr\u00e6fald (fasit p\u00e5 den engelske sida \ud83d\ude42 ):<\/p>\n\n\n\n<figure class=\"wp-block-image\"><a href=\"\/wordpress\/wp-content\/uploads\/2016\/09\/norge090_134-1_1816.jpg\"><img loading=\"lazy\" decoding=\"async\" width=\"4719\" height=\"3879\" src=\"\/wordpress\/wp-content\/uploads\/2016\/09\/norge090_134-1_1816.jpg\" alt=\"\" class=\"wp-image-1102\" srcset=\"https:\/\/www.trefall.com\/wordpress\/wp-content\/uploads\/2016\/09\/norge090_134-1_1816.jpg 4719w, https:\/\/www.trefall.com\/wordpress\/wp-content\/uploads\/2016\/09\/norge090_134-1_1816-300x247.jpg 300w, https:\/\/www.trefall.com\/wordpress\/wp-content\/uploads\/2016\/09\/norge090_134-1_1816-768x631.jpg 768w, https:\/\/www.trefall.com\/wordpress\/wp-content\/uploads\/2016\/09\/norge090_134-1_1816-1024x842.jpg 1024w, https:\/\/www.trefall.com\/wordpress\/wp-content\/uploads\/2016\/09\/norge090_134-1_1816-1200x986.jpg 1200w\" sizes=\"(max-width: 709px) 85vw, (max-width: 909px) 67vw, (max-width: 1362px) 62vw, 840px\" \/><\/a><\/figure>\n\n\n\n<div class=\"wp-block-ugb-spacer ugb-spacer ugb-9a35176 ugb-spacer--v2 ugb-main-block\"><div class=\"ugb-inner-block\"><div class=\"ugb-block-content\"><div class=\"ugb-spacer--inner\"><\/div><\/div><\/div><\/div>\n\n\n\n<p>Kart fr\u00e5 norgeskart.no. Trykk &laquo;ekspander knappen&raquo; (nede til h\u00f8gre &#8211; oppe til h\u00f8gre p\u00e5 telefon) for \u00e5 \u00e5pne fullskjerm utg\u00e5ve, der du kan velge flyfoto, flytte deg rundt, zoome, etc.<\/p>\n\n\n\n<p><iframe loading=\"lazy\" title=\"Garden Trefall i Eksingedalen\" src=\"https:\/\/norgeskart.no\/#!?project=norgeskart&amp;layers=1002&amp;zoom=13&amp;lat=6775655.66&amp;lon=21891.49&amp;sok=trefall&amp;markerLat=6775655.6604488855&amp;markerLon=21891.491714834177&amp;panel=searchOptionsPanel&amp;type=1&amp;marker_lat=6775655.6604488855&amp;marker_lon=21891.491714834177\" width=\"100%\" height=\"550\"><\/iframe><\/p>\n\n\n\n<p>F\u00e5r du ikkje fullside-visning til \u00e5 virke (p\u00e5 mobilen etc.) bruk <a href=\"https:\/\/norgeskart.no\/#!?project=norgeskart&amp;layers=1002&amp;zoom=13&amp;lat=6775655.66&amp;lon=21891.49&amp;markerLat=6775655.6604488855&amp;markerLon=21891.491714834177&amp;panel=searchOptionsPanel&amp;marker_lat=6775655.6604488855&amp;marker_lon=21891.491714834177&amp;sok=Trefall&amp;p=searchOptionsPanel\">denne linken<\/a>.<\/p>\n\n\n\n<!-- GAMMEL M\u00c5 SJEKKES MEIR: <iframe loading=\"lazy\" longdesc=\"\" title=\"Garden Trefall, Vaksdal kommune, Hordaland, Norge.\" src=\"https:\/\/www.norgeskart.no\/statisk.html#13\/21892\/6775656\/+hits\/+embedMaskLayer\/+Fotrute\/+pekere\/+embed.box\/m\/21892\/6775656\/%3ca%20href%3d%22http%3a%2f%2ftrefall.com%2fblog%2fnn%2fom%2fadmin%2ftrefall%5fpanorama%5f01%2f%22%20rel%3d%22attachment%20wp%2datt%2d877%22%20target%3d%22%5ftop%22%3e%3cimg%20src%3d%22http%3a%2f%2ftrefall.com%2fwordpress%2fwp%2dcontent%2fuploads%2f2016%2f04%2ftrefall%5fpanorama%5f01.jpg%22%20alt%3d%22%22%20width%3d%22200%20class%3d%22alignnone%20size%2dfull%20wp%2dimage%2d877%22%20%2f%3e%3cAA%2fa%3e\" height=\"550\" width=\"100%\">Trefall<\/iframe> -->\n\n\n\n<div class=\"wp-block-ugb-spacer ugb-spacer ugb-5da8926 ugb-spacer--v2 ugb-main-block\"><div class=\"ugb-inner-block\"><div class=\"ugb-block-content\"><div class=\"ugb-spacer--inner\"><\/div><\/div><\/div><\/div>\n\n\n\n<h3><strong>Nese Media fantastiske 360 av alle gardane i dalen: <\/br>DESVERRE IKKJE LENGER TILGJENGELEG!<\/strong><\/h3>\n\n\n<div id=\"3O71kdiKG\"><script type=\"text\/javascript\" async data-short=\"3O71kdiKG\" data-path=\"tours\" data-is-self-hosted=\"false\" width=\"100%\" height=\"500px\" src=\"https:\/\/panorama.nesemedia.no\/public\/shareScript.js\"><\/script><\/div>\n\n\n<p>F\u00e5r du ikkje fullside-visning til \u00e5 virke (p\u00e5 mobilen etc.) bruk <a href=\"https:\/\/panorama.nesemedia.no\/tours\/3O71kdiKG\">denne linken<\/a>.<\/p>\n\n\n<p>&nbsp;<\/p>\n\n\n<h2 class=\"wp-block-heading\"><strong>Trefall stoff<\/strong><\/h2>\n\n\n<span class=\"collapseomatic \" id=\"id69d28180e7259\"  tabindex=\"0\" title=\"Google streetview\"    >Google streetview<\/span><div id=\"target-id69d28180e7259\" class=\"collapseomatic_content \"> <iframe loading=\"lazy\" style=\"border: 0;\" src=\"https:\/\/www.google.com\/maps\/embed\/v1\/streetview?key=AIzaSyACodkjI16UpWEiPU9HcKAZBqNhSfaXykc&amp;location=60.8266667,006.1900000&amp;heading=210&amp;pitch=10&amp;fov=80\" width=\"100%\" height=\"650\" frameborder=\"0\" allowfullscreen=\"allowfullscreen\"><\/iframe> <\/div>\n\n\n\n<div class=\"wp-block-ugb-spacer ugb-spacer ugb-a442868 ugb-spacer--v2 ugb-main-block\"><div class=\"ugb-inner-block\"><div class=\"ugb-block-content\"><div class=\"ugb-spacer--inner\"><\/div><\/div><\/div><\/div>\n\n\n<span class=\"collapseomatic \" id=\"id69d28180e7311\"  tabindex=\"0\" title=\"Trefall webkamera\"    >Trefall webkamera<\/span><div id=\"target-id69d28180e7311\" class=\"collapseomatic_content \">\n\n\n\n<p>Statens Vegvesen sitt sn\u00f8ras-overv\u00e5knings kamaera for Trefallstranda. Kan v\u00e6ra ute av drift \u00abfor sesongen\u00bb.<\/p>\n\n\n\n<figure class=\"wp-block-image size-large is-style-default\"><a href=\"https:\/\/webkamera.atlas.vegvesen.no\/public\/kamera?id=1229046_1\"><img decoding=\"async\" src=\"https:\/\/webkamera.atlas.vegvesen.no\/public\/kamera?id=1229046_1\" alt=\"\"\/><\/a><figcaption class=\"wp-element-caption\">Klikk p\u00e5 bilete for \u00e5 g\u00e5 til Vegvesen orginalen (800&#215;600?)<\/figcaption><\/figure>\n\n\n<\/div>\n\n\n\n<div class=\"wp-block-ugb-spacer ugb-spacer ugb-774a65c ugb-spacer--v2 ugb-main-block\"><div class=\"ugb-inner-block\"><div class=\"ugb-block-content\"><div class=\"ugb-spacer--inner\"><\/div><\/div><\/div><\/div>\n\n\n\n<p>Kveldstur med bil forbi Trefall (heile Eksingedalen er der &#8211; spol til starten for \u00e5 sj\u00e5):<\/p>\n\n\n\n<p><div class=\"jetpack-video-wrapper\"><blockquote class=\"embedly-card\" data-card-controls=\"1\" data-card-align=\"center\" data-card-theme=\"light\"><h4><a href=\"https:\/\/youtu.be\/MwRXlapKb0I?rel=0&#038;start=3034&#038;end=3157&#038;theme=light\/\">Eksingedalen 010715<\/a><\/h4><p>Kvelds biltur opp Eksingedalen 1. juli 2015.<\/p><\/blockquote><script async src=\"\/\/cdn.embedly.com\/widgets\/platform.js\" charset=\"UTF-8\"><\/script><\/div><\/p>\n<style class=\"advgb-styles-renderer\">@media screen and (min-width:768px){.ugb-9a35176.ugb-spacer{height:50px !important}}@media screen and (min-width:768px){.ugb-5da8926.ugb-spacer{height:50px !important}}@media screen and (min-width:768px){.ugb-a442868.ugb-spacer{height:50px !important}}@media screen and (min-width:768px){.ugb-774a65c.ugb-spacer{height:50px !important}}<\/style>","protected":false},"excerpt":{"rendered":"<p>Her kart fr\u00e5 1816 over \u00f8vre del av Exingedalen tilh\u00f8yrande det &laquo;Wossiske Compagnie District af Bergenhusiske Skarpskytterbataljon&raquo; under &laquo;Norske J\u00e6gerkorps&raquo;. I dette kartet har det g\u00e5tt litt i ball n\u00e5r det gjeld plassering av gardane N\u00e6sheim, Brakestad og Tr\u00e6fald (fasit p\u00e5 den engelske sida \ud83d\ude42 ): Kart fr\u00e5 norgeskart.no. Trykk &laquo;ekspander knappen&raquo; (nede til h\u00f8gre &hellip; <a href=\"https:\/\/www.trefall.com\/blog\/nn\/geografi\/\" class=\"more-link\">Hald fram med \u00e5 lese<span class=\"screen-reader-text\"> \u00abGeografi\u00bb<\/span><\/a><\/p>\n","protected":false},"author":1,"featured_media":0,"parent":0,"menu_order":0,"comment_status":"closed","ping_status":"closed","template":"","meta":{"_uag_custom_page_level_css":"","advgb_blocks_editor_width":"","advgb_blocks_columns_visual_guide":"","jetpack_post_was_ever_published":false,"footnotes":""},"featured_image_urls_v2":{"full":"","thumbnail":"","medium":"","medium_large":"","large":"","1536x1536":"","2048x2048":"","post-thumbnail":"","awb_sm":"","awb_md":"","awb_lg":"","awb_xl":""},"post_excerpt_stackable_v2":"<p>Det karakteristiske ved naturen i den \u00f8vre delen av Eksingedalen er den utspekulerte underfundight, hvormed fjeldet legger hindringer i veien for menneskelig bebyggelse.(Theodor Caspari &#8211; 1919) Her kart fr\u00e5 1816 over \u00f8vre del av Exingedalen tilh\u00f8yrande det &laquo;Wossiske Compagnie District af Bergenhusiske Skarpskytterbataljon&raquo; under &laquo;Norske J\u00e6gerkorps&raquo;. I dette kartet har det g\u00e5tt litt i ball n\u00e5r det gjeld plassering av gardane N\u00e6sheim, Brakestad og Tr\u00e6fald (fasit p\u00e5 den engelske sida \ud83d\ude42 ): Kart fr\u00e5 norgeskart.no. Trykk &laquo;ekspander knappen&raquo; (nede til h\u00f8gre &#8211; oppe til h\u00f8gre p\u00e5 telefon) for \u00e5 \u00e5pne fullskjerm utg\u00e5ve, der du kan velge flyfoto, flytte deg rundt,&hellip;<\/p>\n","category_list_v2":"","author_info_v2":{"name":"kaare","url":"https:\/\/www.trefall.com\/blog\/author\/kaare\/"},"comments_num_v2":"0 comments","featured_image_src":null,"pbg_featured_image_src":{"full":false,"thumbnail":false,"medium":false,"medium_large":false,"large":false,"1536x1536":false,"2048x2048":false,"post-thumbnail":false,"awb_sm":false,"awb_md":false,"awb_lg":false,"awb_xl":false},"pbg_author_info":{"display_name":"kaare","author_link":"https:\/\/www.trefall.com\/blog\/author\/kaare\/","author_img":false},"pbg_comment_info":" No Comments","pbg_excerpt":"Her kart fr\u00e5 1816 over \u00f8vre del av Exingedalen tilh\u00f8yrande det &laquo;Wossiske Compagnie District af Bergenhusiske Skarpskytterbataljon&raquo; under &laquo;Norske J\u00e6gerkorps&raquo;. I dette kartet har det g\u00e5tt litt i ball n\u00e5r det gjeld plassering av gardane N\u00e6sheim, Brakestad og Tr\u00e6fald (fasit p\u00e5 den engelske sida \ud83d\ude42 ): Kart fr\u00e5 norgeskart.no. Trykk &laquo;ekspander knappen&raquo; (nede til h\u00f8gre&hellip;","uagb_featured_image_src":{"full":false,"thumbnail":false,"medium":false,"medium_large":false,"large":false,"1536x1536":false,"2048x2048":false,"post-thumbnail":false,"awb_sm":false,"awb_md":false,"awb_lg":false,"awb_xl":false},"uagb_author_info":{"display_name":"kaare","author_link":"https:\/\/www.trefall.com\/blog\/author\/kaare\/"},"uagb_comment_info":0,"uagb_excerpt":"Her kart fr\u00e5 1816 over \u00f8vre del av Exingedalen tilh\u00f8yrande det &laquo;Wossiske Compagnie District af Bergenhusiske Skarpskytterbataljon&raquo; under &laquo;Norske J\u00e6gerkorps&raquo;. I dette kartet har det g\u00e5tt litt i ball n\u00e5r det gjeld plassering av gardane N\u00e6sheim, Brakestad og Tr\u00e6fald (fasit p\u00e5 den engelske sida \ud83d\ude42 ): Kart fr\u00e5 norgeskart.no. Trykk &laquo;ekspander knappen&raquo; (nede til h\u00f8gre&hellip;","coauthors":[],"author_meta":{"author_link":"https:\/\/www.trefall.com\/blog\/author\/kaare\/","display_name":"kaare"},"relative_dates":{"created":"Posted 10 \u00e5r ago","modified":"Updated 1 \u00e5r ago"},"absolute_dates":{"created":"Posted on 14. september 2016","modified":"Updated on 12. desember 2024"},"absolute_dates_time":{"created":"Posted on 14. september 2016 20:56","modified":"Updated on 12. desember 2024 18:02"},"featured_img_caption":"","featured_img":false,"series_order":"","jetpack_sharing_enabled":true,"jetpack_shortlink":"https:\/\/wp.me\/P7ql8K-hf","_links":{"self":[{"href":"https:\/\/www.trefall.com\/blog\/wp-json\/wp\/v2\/pages\/1069"}],"collection":[{"href":"https:\/\/www.trefall.com\/blog\/wp-json\/wp\/v2\/pages"}],"about":[{"href":"https:\/\/www.trefall.com\/blog\/wp-json\/wp\/v2\/types\/page"}],"author":[{"embeddable":true,"href":"https:\/\/www.trefall.com\/blog\/wp-json\/wp\/v2\/users\/1"}],"replies":[{"embeddable":true,"href":"https:\/\/www.trefall.com\/blog\/wp-json\/wp\/v2\/comments?post=1069"}],"version-history":[{"count":9,"href":"https:\/\/www.trefall.com\/blog\/wp-json\/wp\/v2\/pages\/1069\/revisions"}],"predecessor-version":[{"id":4610,"href":"https:\/\/www.trefall.com\/blog\/wp-json\/wp\/v2\/pages\/1069\/revisions\/4610"}],"wp:attachment":[{"href":"https:\/\/www.trefall.com\/blog\/wp-json\/wp\/v2\/media?parent=1069"}],"curies":[{"name":"wp","href":"https:\/\/api.w.org\/{rel}","templated":true}]}}